{"id":6919,"date":"2020-05-12T09:03:09","date_gmt":"2020-05-12T07:03:09","guid":{"rendered":"https:\/\/af-stadtfuehrungen.de\/impressum\/"},"modified":"2021-03-01T10:59:36","modified_gmt":"2021-03-01T09:59:36","slug":"impressum","status":"publish","type":"page","link":"https:\/\/af-stadtfuehrungen.de\/en\/imprint\/","title":{"rendered":"Imprint"},"content":{"rendered":"<p>af city tours<br \/>\nAngelika Franke<br \/>\nZimmerstr. 17<br \/>\n22085 Hamburg<\/p>\n<p>Represented by: Angelika Franke<\/p>\n<p>Telephone number: 0049 40 28 80 72 36<br \/>\nE-Mailadresse:\u00a0af@af-stadtfuehrungen.de<\/p>\n<p>Sales tax identification number: DE 118762316<\/p>\n<p>Responsible for content: Angelika Franke Address as above.<\/p>\n<p>Platform of the European Commission for online dispute resolution (OS) for consumers: https:\/\/ec.europa.eu\/consumers\/odr\/. We are not willing and not obliged to participate in a dispute resolution procedure before a consumer arbitration board.<\/p>","protected":false},"excerpt":{"rendered":"<p>af stadtf\u00fchrungen Angelika Franke Zimmerstr. 17 22085 Hamburg Represented by: Angelika Franke Telephone number: 0049 40 28 80 72 36 E-mail address: af@af-stadtfuehrungen.de Sales tax identification number: DE 118762316 Responsible for content: Angelika Franke Address as above. Platform of the European Commission for online dispute resolution (OS) for consumers: https:\/\/ec.europa.eu\/consumers\/odr\/. We are not willing and not obliged to participate in a dispute resolution procedure before a consumer arbitration board.<\/p>","protected":false},"author":1,"featured_media":0,"parent":0,"menu_order":0,"comment_status":"closed","ping_status":"closed","template":"","meta":{"footnotes":""},"class_list":["post-6919","page","type-page","status-publish","hentry","description-off"],"yoast_head":"<!-- This site is optimized with the Yoast SEO plugin v27.4 - https:\/\/yoast.com\/product\/yoast-seo-wordpress\/ -->\n<title>Impressum - Stadtrundg\u00e4nge in Hamburg - Angelika Franke Stadtf\u00fchrungen<\/title>\n<meta name=\"robots\" content=\"index, follow, max-snippet:-1, max-image-preview:large, max-video-preview:-1\" \/>\n<link rel=\"canonical\" href=\"https:\/\/af-stadtfuehrungen.de\/en\/imprint\/\" \/>\n<meta property=\"og:locale\" content=\"en_GB\" \/>\n<meta property=\"og:type\" content=\"article\" \/>\n<meta property=\"og:title\" content=\"Impressum - Stadtrundg\u00e4nge in Hamburg - Angelika Franke Stadtf\u00fchrungen\" \/>\n<meta property=\"og:description\" content=\"af stadtf\u00fchrungen Angelika Franke Zimmerstr. 17 22085 Hamburg Vertreten durch: Angelika Franke Telefonnummer: 0049 40 28 80 72 36 E-Mailadresse:\u00a0af@af-stadtfuehrungen.de Umsatzsteuer-Identifikationsnummer: DE 118762316 Inhaltlich verantwortlich: Angelika Franke Adresse wie oben. Plattform der Europ\u00e4ischen Kommission zur Online-Streitbeilegung (OS) f\u00fcr Verbraucher: https:\/\/ec.europa.eu\/consumers\/odr\/. Wir sind nicht bereit und nicht verpflichtet, an einem Streitbeilegungsverfahren vor einer Verbraucherschlichtungsstelle teilzunehmen.\" \/>\n<meta property=\"og:url\" content=\"https:\/\/af-stadtfuehrungen.de\/en\/imprint\/\" \/>\n<meta property=\"og:site_name\" content=\"Stadtrundg\u00e4nge in Hamburg - Angelika Franke Stadtf\u00fchrungen\" \/>\n<meta property=\"article:modified_time\" content=\"2021-03-01T09:59:36+00:00\" \/>\n<meta name=\"twitter:card\" content=\"summary_large_image\" \/>\n<meta name=\"twitter:label1\" content=\"Estimated reading time\" \/>\n\t<meta name=\"twitter:data1\" content=\"1 minute\" \/>\n<script type=\"application\/ld+json\" class=\"yoast-schema-graph\">{\"@context\":\"https:\\\/\\\/schema.org\",\"@graph\":[{\"@type\":\"WebPage\",\"@id\":\"https:\\\/\\\/af-stadtfuehrungen.de\\\/impressum\\\/\",\"url\":\"https:\\\/\\\/af-stadtfuehrungen.de\\\/impressum\\\/\",\"name\":\"Impressum - Stadtrundg\u00e4nge in Hamburg - Angelika Franke Stadtf\u00fchrungen\",\"isPartOf\":{\"@id\":\"https:\\\/\\\/af-stadtfuehrungen.de\\\/#website\"},\"datePublished\":\"2020-05-12T07:03:09+00:00\",\"dateModified\":\"2021-03-01T09:59:36+00:00\",\"breadcrumb\":{\"@id\":\"https:\\\/\\\/af-stadtfuehrungen.de\\\/impressum\\\/#breadcrumb\"},\"inLanguage\":\"en-GB\",\"potentialAction\":[{\"@type\":\"ReadAction\",\"target\":[\"https:\\\/\\\/af-stadtfuehrungen.de\\\/impressum\\\/\"]}]},{\"@type\":\"BreadcrumbList\",\"@id\":\"https:\\\/\\\/af-stadtfuehrungen.de\\\/impressum\\\/#breadcrumb\",\"itemListElement\":[{\"@type\":\"ListItem\",\"position\":1,\"name\":\"Startseite\",\"item\":\"https:\\\/\\\/af-stadtfuehrungen.de\\\/\"},{\"@type\":\"ListItem\",\"position\":2,\"name\":\"Impressum\"}]},{\"@type\":\"WebSite\",\"@id\":\"https:\\\/\\\/af-stadtfuehrungen.de\\\/#website\",\"url\":\"https:\\\/\\\/af-stadtfuehrungen.de\\\/\",\"name\":\"Stadtrundg\u00e4nge in Hamburg - Angelika Franke Stadtf\u00fchrungen\",\"description\":\"Auf Stadtrundgang in Hamburg erfahren Sie von Angelika Franke, einer geb\u00fcrtigen Hamburgerin, die bewegte Geschichte Hamburgs &amp; ihrer Pers\u00f6nlichkeiten.\",\"publisher\":{\"@id\":\"https:\\\/\\\/af-stadtfuehrungen.de\\\/#\\\/schema\\\/person\\\/ebbad58308406229ec47fbac5128f1e6\"},\"potentialAction\":[{\"@type\":\"SearchAction\",\"target\":{\"@type\":\"EntryPoint\",\"urlTemplate\":\"https:\\\/\\\/af-stadtfuehrungen.de\\\/?s={search_term_string}\"},\"query-input\":{\"@type\":\"PropertyValueSpecification\",\"valueRequired\":true,\"valueName\":\"search_term_string\"}}],\"inLanguage\":\"en-GB\"},{\"@type\":[\"Person\",\"Organization\"],\"@id\":\"https:\\\/\\\/af-stadtfuehrungen.de\\\/#\\\/schema\\\/person\\\/ebbad58308406229ec47fbac5128f1e6\",\"name\":\"Angelika Franke\",\"logo\":{\"@id\":\"https:\\\/\\\/af-stadtfuehrungen.de\\\/#\\\/schema\\\/person\\\/image\\\/\"}}]}<\/script>\n<!-- \/ Yoast SEO plugin. -->","yoast_head_json":{"title":"Imprint - City walks in Hamburg - Angelika Franke guided city tours","robots":{"index":"index","follow":"follow","max-snippet":"max-snippet:-1","max-image-preview":"max-image-preview:large","max-video-preview":"max-video-preview:-1"},"canonical":"https:\/\/af-stadtfuehrungen.de\/en\/imprint\/","og_locale":"en_GB","og_type":"article","og_title":"Impressum - Stadtrundg\u00e4nge in Hamburg - Angelika Franke Stadtf\u00fchrungen","og_description":"af stadtf\u00fchrungen Angelika Franke Zimmerstr. 17 22085 Hamburg Vertreten durch: Angelika Franke Telefonnummer: 0049 40 28 80 72 36 E-Mailadresse:\u00a0af@af-stadtfuehrungen.de Umsatzsteuer-Identifikationsnummer: DE 118762316 Inhaltlich verantwortlich: Angelika Franke Adresse wie oben. Plattform der Europ\u00e4ischen Kommission zur Online-Streitbeilegung (OS) f\u00fcr Verbraucher: https:\/\/ec.europa.eu\/consumers\/odr\/. Wir sind nicht bereit und nicht verpflichtet, an einem Streitbeilegungsverfahren vor einer Verbraucherschlichtungsstelle teilzunehmen.","og_url":"https:\/\/af-stadtfuehrungen.de\/en\/imprint\/","og_site_name":"Stadtrundg\u00e4nge in Hamburg - Angelika Franke Stadtf\u00fchrungen","article_modified_time":"2021-03-01T09:59:36+00:00","twitter_card":"summary_large_image","twitter_misc":{"Estimated reading time":"1 minute"},"schema":{"@context":"https:\/\/schema.org","@graph":[{"@type":"WebPage","@id":"https:\/\/af-stadtfuehrungen.de\/impressum\/","url":"https:\/\/af-stadtfuehrungen.de\/impressum\/","name":"Imprint - City walks in Hamburg - Angelika Franke guided city tours","isPartOf":{"@id":"https:\/\/af-stadtfuehrungen.de\/#website"},"datePublished":"2020-05-12T07:03:09+00:00","dateModified":"2021-03-01T09:59:36+00:00","breadcrumb":{"@id":"https:\/\/af-stadtfuehrungen.de\/impressum\/#breadcrumb"},"inLanguage":"en-GB","potentialAction":[{"@type":"ReadAction","target":["https:\/\/af-stadtfuehrungen.de\/impressum\/"]}]},{"@type":"BreadcrumbList","@id":"https:\/\/af-stadtfuehrungen.de\/impressum\/#breadcrumb","itemListElement":[{"@type":"ListItem","position":1,"name":"Startseite","item":"https:\/\/af-stadtfuehrungen.de\/"},{"@type":"ListItem","position":2,"name":"Impressum"}]},{"@type":"WebSite","@id":"https:\/\/af-stadtfuehrungen.de\/#website","url":"https:\/\/af-stadtfuehrungen.de\/","name":"City walks in Hamburg - Angelika Franke Stadtf\u00fchrungen","description":"On a city tour in Hamburg, Angelika Franke, a native of Hamburg, tells you about the eventful history of Hamburg &amp; its personalities.","publisher":{"@id":"https:\/\/af-stadtfuehrungen.de\/#\/schema\/person\/ebbad58308406229ec47fbac5128f1e6"},"potentialAction":[{"@type":"SearchAction","target":{"@type":"EntryPoint","urlTemplate":"https:\/\/af-stadtfuehrungen.de\/?s={search_term_string}"},"query-input":{"@type":"PropertyValueSpecification","valueRequired":true,"valueName":"search_term_string"}}],"inLanguage":"en-GB"},{"@type":["Person","Organization"],"@id":"https:\/\/af-stadtfuehrungen.de\/#\/schema\/person\/ebbad58308406229ec47fbac5128f1e6","name":"Angelika Franke","logo":{"@id":"https:\/\/af-stadtfuehrungen.de\/#\/schema\/person\/image\/"}}]}},"_links":{"self":[{"href":"https:\/\/af-stadtfuehrungen.de\/en\/wp-json\/wp\/v2\/pages\/6919","targetHints":{"allow":["GET"]}}],"collection":[{"href":"https:\/\/af-stadtfuehrungen.de\/en\/wp-json\/wp\/v2\/pages"}],"about":[{"href":"https:\/\/af-stadtfuehrungen.de\/en\/wp-json\/wp\/v2\/types\/page"}],"author":[{"embeddable":true,"href":"https:\/\/af-stadtfuehrungen.de\/en\/wp-json\/wp\/v2\/users\/1"}],"replies":[{"embeddable":true,"href":"https:\/\/af-stadtfuehrungen.de\/en\/wp-json\/wp\/v2\/comments?post=6919"}],"version-history":[{"count":8,"href":"https:\/\/af-stadtfuehrungen.de\/en\/wp-json\/wp\/v2\/pages\/6919\/revisions"}],"predecessor-version":[{"id":7677,"href":"https:\/\/af-stadtfuehrungen.de\/en\/wp-json\/wp\/v2\/pages\/6919\/revisions\/7677"}],"wp:attachment":[{"href":"https:\/\/af-stadtfuehrungen.de\/en\/wp-json\/wp\/v2\/media?parent=6919"}],"curies":[{"name":"wp","href":"https:\/\/api.w.org\/{rel}","templated":true}]}}