{"id":6919,"date":"2020-05-12T09:03:09","date_gmt":"2020-05-12T07:03:09","guid":{"rendered":"https:\/\/af-stadtfuehrungen.de\/impressum\/"},"modified":"2021-03-01T10:59:36","modified_gmt":"2021-03-01T09:59:36","slug":"impressum","status":"publish","type":"page","link":"https:\/\/af-stadtfuehrungen.de\/es\/imprimir\/","title":{"rendered":"Pie de imprenta"},"content":{"rendered":"<p>af stadtfuehrungen<br \/>\nAngelika Franke<br \/>\nZimmerstr. 17<br \/>\n22085 Hamburgo<\/p>\n<p>Representado por: Angelika Franke<\/p>\n<p>N\u00famero de tel\u00e9fono: 0049 40 28 80 72 36<br \/>\nE-Mailadresse:\u00a0af@af-stadtfuehrungen.de<\/p>\n<p>N\u00famero de identificaci\u00f3n del impuesto sobre las ventas: DE 118762316<\/p>\n<p>Responsable del contenido: Angelika Franke Direcci\u00f3n como arriba.<\/p>\n<p>Plataforma de la Comisi\u00f3n Europea para la resoluci\u00f3n de litigios en l\u00ednea (OS) para los consumidores: https:\/\/ec.europa.eu\/consumers\/odr\/. No estamos dispuestos ni obligados a participar en un procedimiento de resoluci\u00f3n de conflictos ante una junta de arbitraje de consumidores.<\/p>","protected":false},"excerpt":{"rendered":"<p>af stadtf\u00fchrungen Angelika Franke Zimmerstr. 17 22085 Hamburgo Representado por: Angelika Franke N\u00famero de tel\u00e9fono: 0049 40 28 80 72 36 Direcci\u00f3n de correo electr\u00f3nico: af@af-stadtfuehrungen.de N\u00famero de identificaci\u00f3n fiscal: DE 118762316 Responsable del contenido: Angelika Franke Direcci\u00f3n como arriba. Plataforma de la Comisi\u00f3n Europea para la resoluci\u00f3n de litigios en l\u00ednea (OS) para los consumidores: https:\/\/ec.europa.eu\/consumers\/odr\/. No estamos dispuestos ni obligados a participar en un procedimiento de resoluci\u00f3n de conflictos ante una junta de arbitraje de consumidores.<\/p>","protected":false},"author":1,"featured_media":0,"parent":0,"menu_order":0,"comment_status":"closed","ping_status":"closed","template":"","meta":{"footnotes":""},"class_list":["post-6919","page","type-page","status-publish","hentry","description-off"],"yoast_head":"<!-- This site is optimized with the Yoast SEO plugin v27.4 - https:\/\/yoast.com\/product\/yoast-seo-wordpress\/ -->\n<title>Impressum - Stadtrundg\u00e4nge in Hamburg - Angelika Franke Stadtf\u00fchrungen<\/title>\n<meta name=\"robots\" content=\"index, follow, max-snippet:-1, max-image-preview:large, max-video-preview:-1\" \/>\n<link rel=\"canonical\" href=\"https:\/\/af-stadtfuehrungen.de\/es\/imprimir\/\" \/>\n<meta property=\"og:locale\" content=\"es_ES\" \/>\n<meta property=\"og:type\" content=\"article\" \/>\n<meta property=\"og:title\" content=\"Impressum - Stadtrundg\u00e4nge in Hamburg - Angelika Franke Stadtf\u00fchrungen\" \/>\n<meta property=\"og:description\" content=\"af stadtf\u00fchrungen Angelika Franke Zimmerstr. 17 22085 Hamburg Vertreten durch: Angelika Franke Telefonnummer: 0049 40 28 80 72 36 E-Mailadresse:\u00a0af@af-stadtfuehrungen.de Umsatzsteuer-Identifikationsnummer: DE 118762316 Inhaltlich verantwortlich: Angelika Franke Adresse wie oben. Plattform der Europ\u00e4ischen Kommission zur Online-Streitbeilegung (OS) f\u00fcr Verbraucher: https:\/\/ec.europa.eu\/consumers\/odr\/. Wir sind nicht bereit und nicht verpflichtet, an einem Streitbeilegungsverfahren vor einer Verbraucherschlichtungsstelle teilzunehmen.\" \/>\n<meta property=\"og:url\" content=\"https:\/\/af-stadtfuehrungen.de\/es\/imprimir\/\" \/>\n<meta property=\"og:site_name\" content=\"Stadtrundg\u00e4nge in Hamburg - Angelika Franke Stadtf\u00fchrungen\" \/>\n<meta property=\"article:modified_time\" content=\"2021-03-01T09:59:36+00:00\" \/>\n<meta name=\"twitter:card\" content=\"summary_large_image\" \/>\n<meta name=\"twitter:label1\" content=\"Tiempo de lectura\" \/>\n\t<meta name=\"twitter:data1\" content=\"1 minuto\" \/>\n<script type=\"application\/ld+json\" class=\"yoast-schema-graph\">{\"@context\":\"https:\\\/\\\/schema.org\",\"@graph\":[{\"@type\":\"WebPage\",\"@id\":\"https:\\\/\\\/af-stadtfuehrungen.de\\\/impressum\\\/\",\"url\":\"https:\\\/\\\/af-stadtfuehrungen.de\\\/impressum\\\/\",\"name\":\"Impressum - Stadtrundg\u00e4nge in Hamburg - Angelika Franke Stadtf\u00fchrungen\",\"isPartOf\":{\"@id\":\"https:\\\/\\\/af-stadtfuehrungen.de\\\/#website\"},\"datePublished\":\"2020-05-12T07:03:09+00:00\",\"dateModified\":\"2021-03-01T09:59:36+00:00\",\"breadcrumb\":{\"@id\":\"https:\\\/\\\/af-stadtfuehrungen.de\\\/impressum\\\/#breadcrumb\"},\"inLanguage\":\"es\",\"potentialAction\":[{\"@type\":\"ReadAction\",\"target\":[\"https:\\\/\\\/af-stadtfuehrungen.de\\\/impressum\\\/\"]}]},{\"@type\":\"BreadcrumbList\",\"@id\":\"https:\\\/\\\/af-stadtfuehrungen.de\\\/impressum\\\/#breadcrumb\",\"itemListElement\":[{\"@type\":\"ListItem\",\"position\":1,\"name\":\"Startseite\",\"item\":\"https:\\\/\\\/af-stadtfuehrungen.de\\\/\"},{\"@type\":\"ListItem\",\"position\":2,\"name\":\"Impressum\"}]},{\"@type\":\"WebSite\",\"@id\":\"https:\\\/\\\/af-stadtfuehrungen.de\\\/#website\",\"url\":\"https:\\\/\\\/af-stadtfuehrungen.de\\\/\",\"name\":\"Stadtrundg\u00e4nge in Hamburg - Angelika Franke Stadtf\u00fchrungen\",\"description\":\"Auf Stadtrundgang in Hamburg erfahren Sie von Angelika Franke, einer geb\u00fcrtigen Hamburgerin, die bewegte Geschichte Hamburgs &amp; ihrer Pers\u00f6nlichkeiten.\",\"publisher\":{\"@id\":\"https:\\\/\\\/af-stadtfuehrungen.de\\\/#\\\/schema\\\/person\\\/ebbad58308406229ec47fbac5128f1e6\"},\"potentialAction\":[{\"@type\":\"SearchAction\",\"target\":{\"@type\":\"EntryPoint\",\"urlTemplate\":\"https:\\\/\\\/af-stadtfuehrungen.de\\\/?s={search_term_string}\"},\"query-input\":{\"@type\":\"PropertyValueSpecification\",\"valueRequired\":true,\"valueName\":\"search_term_string\"}}],\"inLanguage\":\"es\"},{\"@type\":[\"Person\",\"Organization\"],\"@id\":\"https:\\\/\\\/af-stadtfuehrungen.de\\\/#\\\/schema\\\/person\\\/ebbad58308406229ec47fbac5128f1e6\",\"name\":\"Angelika Franke\",\"logo\":{\"@id\":\"https:\\\/\\\/af-stadtfuehrungen.de\\\/#\\\/schema\\\/person\\\/image\\\/\"}}]}<\/script>\n<!-- \/ Yoast SEO plugin. -->","yoast_head_json":{"title":"Pie de imprenta - Paseos por la ciudad de Hamburgo - Visitas guiadas por Angelika Franke","robots":{"index":"index","follow":"follow","max-snippet":"max-snippet:-1","max-image-preview":"max-image-preview:large","max-video-preview":"max-video-preview:-1"},"canonical":"https:\/\/af-stadtfuehrungen.de\/es\/imprimir\/","og_locale":"es_ES","og_type":"article","og_title":"Impressum - Stadtrundg\u00e4nge in Hamburg - Angelika Franke Stadtf\u00fchrungen","og_description":"af stadtf\u00fchrungen Angelika Franke Zimmerstr. 17 22085 Hamburg Vertreten durch: Angelika Franke Telefonnummer: 0049 40 28 80 72 36 E-Mailadresse:\u00a0af@af-stadtfuehrungen.de Umsatzsteuer-Identifikationsnummer: DE 118762316 Inhaltlich verantwortlich: Angelika Franke Adresse wie oben. Plattform der Europ\u00e4ischen Kommission zur Online-Streitbeilegung (OS) f\u00fcr Verbraucher: https:\/\/ec.europa.eu\/consumers\/odr\/. Wir sind nicht bereit und nicht verpflichtet, an einem Streitbeilegungsverfahren vor einer Verbraucherschlichtungsstelle teilzunehmen.","og_url":"https:\/\/af-stadtfuehrungen.de\/es\/imprimir\/","og_site_name":"Stadtrundg\u00e4nge in Hamburg - Angelika Franke Stadtf\u00fchrungen","article_modified_time":"2021-03-01T09:59:36+00:00","twitter_card":"summary_large_image","twitter_misc":{"Tiempo de lectura":"1 minuto"},"schema":{"@context":"https:\/\/schema.org","@graph":[{"@type":"WebPage","@id":"https:\/\/af-stadtfuehrungen.de\/impressum\/","url":"https:\/\/af-stadtfuehrungen.de\/impressum\/","name":"Pie de imprenta - Paseos por la ciudad de Hamburgo - Visitas guiadas por Angelika Franke","isPartOf":{"@id":"https:\/\/af-stadtfuehrungen.de\/#website"},"datePublished":"2020-05-12T07:03:09+00:00","dateModified":"2021-03-01T09:59:36+00:00","breadcrumb":{"@id":"https:\/\/af-stadtfuehrungen.de\/impressum\/#breadcrumb"},"inLanguage":"es","potentialAction":[{"@type":"ReadAction","target":["https:\/\/af-stadtfuehrungen.de\/impressum\/"]}]},{"@type":"BreadcrumbList","@id":"https:\/\/af-stadtfuehrungen.de\/impressum\/#breadcrumb","itemListElement":[{"@type":"ListItem","position":1,"name":"Startseite","item":"https:\/\/af-stadtfuehrungen.de\/"},{"@type":"ListItem","position":2,"name":"Impressum"}]},{"@type":"WebSite","@id":"https:\/\/af-stadtfuehrungen.de\/#website","url":"https:\/\/af-stadtfuehrungen.de\/","name":"Paseos por la ciudad de Hamburgo - Angelika Franke Stadtf\u00fchrungen","description":"En una visita a la ciudad de Hamburgo, Angelika Franke, nativa de Hamburgo, le cuenta la agitada historia de Hamburgo y sus personalidades.","publisher":{"@id":"https:\/\/af-stadtfuehrungen.de\/#\/schema\/person\/ebbad58308406229ec47fbac5128f1e6"},"potentialAction":[{"@type":"SearchAction","target":{"@type":"EntryPoint","urlTemplate":"https:\/\/af-stadtfuehrungen.de\/?s={search_term_string}"},"query-input":{"@type":"PropertyValueSpecification","valueRequired":true,"valueName":"search_term_string"}}],"inLanguage":"es"},{"@type":["Person","Organization"],"@id":"https:\/\/af-stadtfuehrungen.de\/#\/schema\/person\/ebbad58308406229ec47fbac5128f1e6","name":"Angelika Franke","logo":{"@id":"https:\/\/af-stadtfuehrungen.de\/#\/schema\/person\/image\/"}}]}},"_links":{"self":[{"href":"https:\/\/af-stadtfuehrungen.de\/es\/wp-json\/wp\/v2\/pages\/6919","targetHints":{"allow":["GET"]}}],"collection":[{"href":"https:\/\/af-stadtfuehrungen.de\/es\/wp-json\/wp\/v2\/pages"}],"about":[{"href":"https:\/\/af-stadtfuehrungen.de\/es\/wp-json\/wp\/v2\/types\/page"}],"author":[{"embeddable":true,"href":"https:\/\/af-stadtfuehrungen.de\/es\/wp-json\/wp\/v2\/users\/1"}],"replies":[{"embeddable":true,"href":"https:\/\/af-stadtfuehrungen.de\/es\/wp-json\/wp\/v2\/comments?post=6919"}],"version-history":[{"count":8,"href":"https:\/\/af-stadtfuehrungen.de\/es\/wp-json\/wp\/v2\/pages\/6919\/revisions"}],"predecessor-version":[{"id":7677,"href":"https:\/\/af-stadtfuehrungen.de\/es\/wp-json\/wp\/v2\/pages\/6919\/revisions\/7677"}],"wp:attachment":[{"href":"https:\/\/af-stadtfuehrungen.de\/es\/wp-json\/wp\/v2\/media?parent=6919"}],"curies":[{"name":"wp","href":"https:\/\/api.w.org\/{rel}","templated":true}]}}