{"id":7042,"date":"2020-05-18T19:20:36","date_gmt":"2020-05-18T17:20:36","guid":{"rendered":"https:\/\/af-stadtfuehrungen.de\/?page_id=7042"},"modified":"2021-05-14T12:39:20","modified_gmt":"2021-05-14T10:39:20","slug":"musikalische-stadtfuehrung-hamburg","status":"publish","type":"page","link":"https:\/\/af-stadtfuehrungen.de\/es\/musical-city-tour-hamburg\/","title":{"rendered":"Gu\u00edas certificadas de la ciudad de Hamburgo"},"content":{"rendered":"<div class=\"wpb-content-wrapper\"><div class=\"vc_row wpb_row vc_row-fluid vc_custom_1597048667981\"><div class=\"wpb_column vc_column_container vc_col-sm-8\"><div class=\"vc_column-inner\"><div class=\"wpb_wrapper\"><div id=\"ultimate-heading-545369e4e23ca6481\" class=\"uvc-heading ult-adjust-bottom-margin ultimate-heading-545369e4e23ca6481 uvc-4723 \" data-hspacer=\"no_spacer\"  data-halign=\"center\" style=\"text-align:center\"><div class=\"uvc-heading-spacer no_spacer\" style=\"top\"><\/div><div class=\"uvc-main-heading ult-responsive\"  data-ultimate-target='.uvc-heading.ultimate-heading-545369e4e23ca6481 h1'  data-responsive-json-new='{\"font-size\":\"desktop:70px;tablet:50px;tablet_portrait:40px;mobile_landscape:28px;\",\"line-height\":\"desktop:80px;tablet:60px;tablet_portrait:50px;mobile_landscape:38px;\"}' ><h1 style=\"--font-weight:theme;color:#ffffff;margin-bottom:30px;\">Zertifizierte G\u00e4stef\u00fchrerin Hamburg<\/h1><\/div><div class=\"uvc-sub-heading ult-responsive\"  data-ultimate-target='.uvc-heading.ultimate-heading-545369e4e23ca6481 .uvc-sub-heading '  data-responsive-json-new='{\"font-size\":\"desktop:28px;mobile_landscape:18px;\",\"line-height\":\"desktop:38px;mobile_landscape:28px;\"}'  style=\"font-weight:700;color:#ffffff;\">Angelika Franke:<br \/>\nZertifizierte G\u00e4stef\u00fchrerin f\u00fcr Hamburg<\/div><\/div><\/div><\/div><\/div><div class=\"wpb_column vc_column_container vc_col-sm-4\"><div class=\"vc_column-inner\"><div class=\"wpb_wrapper\">\n\t<div  class=\"wpb_single_image wpb_content_element vc_align_left\">\n\t\t\n\t\t<figure class=\"wpb_wrapper vc_figure\">\n\t\t\t<div class=\"vc_single_image-wrapper   vc_box_border_grey\"><img loading=\"lazy\" decoding=\"async\" width=\"195\" height=\"300\" src=\"https:\/\/af-stadtfuehrungen.de\/wp-content\/uploads\/2020\/05\/af-stadtfuehrungen-individuelle-statdfuehrungen-karte-mascot-2.svg\" class=\"vc_single_image-img attachment-full\" alt=\"af-stadtfuehrungen-individuelle-statdfuehrungen-karte-mascot-2\" title=\"af-stadtfuehrungen-individuelle-statdfuehrungen-karte-mascot-2\"  data-dt-location=\"https:\/\/af-stadtfuehrungen.de\/es\/tour-individual-de-la-ciudad-de-hamburgo\/af-stadtfuehrungen-individuelle-statdfuehrungen-karte-mascot-2\/\" \/><\/div>\n\t\t<\/figure>\n\t<\/div>\n<\/div><\/div><\/div><\/div><!-- Row Backgrounds --><div class=\"upb_bg_img\" data-ultimate-bg=\"url(https:\/\/af-stadtfuehrungen.de\/wp-content\/uploads\/2020\/05\/af-stadtfuehrungen-individuelle-statdfuehrungen-stairs-1.jpg)\" data-image-id=\"id^7045|url^https:\/\/af-stadtfuehrungen.de\/wp-content\/uploads\/2020\/05\/af-stadtfuehrungen-individuelle-statdfuehrungen-stairs-1.jpg|caption^null|alt^af-stadtfuehrungen-individuelle-statdfuehrungen-stairs-1|title^af-stadtfuehrungen-individuelle-statdfuehrungen-stairs-1|description^null\" data-ultimate-bg-style=\"vcpb-animated\" data-bg-img-repeat=\"repeat\" data-bg-img-size=\"cover\" data-bg-img-position=\"\" data-parallx_sense=\"30\" data-bg-override=\"full\" data-bg_img_attach=\"scroll\" data-upb-overlay-color=\"rgba(68,68,68,0.5)\" data-upb-bg-animation=\"\" data-fadeout=\"\" data-bg-animation=\"right-animation\" data-bg-animation-type=\"h\" data-animation-repeat=\"repeat\" data-fadeout-percentage=\"30\" data-parallax-content=\"\" data-parallax-content-sense=\"30\" data-row-effect-mobile-disable=\"true\" data-img-parallax-mobile-disable=\"true\" data-rtl=\"false\"  data-custom-vc-row=\"\"  data-vc=\"8.7.2\"  data-is_old_vc=\"\"  data-theme-support=\"\"   data-overlay=\"true\" data-overlay-color=\"rgba(68,68,68,0.5)\" data-overlay-pattern=\"\" data-overlay-pattern-opacity=\"0.8\" data-overlay-pattern-size=\"\" data-overlay-pattern-attachment=\"scroll\"    ><\/div><div class=\"vc_row wpb_row vc_row-fluid vc_custom_1589826513591 vc_row-o-content-bottom vc_row-flex\"><div class=\"wpb_column vc_column_container vc_col-sm-7 vc_col-lg-5 vc_col-md-6\"><div class=\"vc_column-inner\"><div class=\"wpb_wrapper\">\n\t<div  class=\"wpb_single_image wpb_content_element vc_align_center  vc_custom_1589826395072\">\n\t\t\n\t\t<figure class=\"wpb_wrapper vc_figure\">\n\t\t\t<div class=\"vc_single_image-wrapper   vc_box_border_grey\"><img loading=\"lazy\" decoding=\"async\" width=\"430\" height=\"1000\" src=\"https:\/\/af-stadtfuehrungen.de\/wp-content\/uploads\/2020\/05\/af-stadtfuehrungen-individuelle-statdfuehrungen-karte-mascot-thumb.svg\" class=\"vc_single_image-img attachment-full\" alt=\"af-stadtfuehrungen-individuelle-statdfuehrungen-karte-mascot-thumb\" title=\"af-stadtfuehrungen-individuelle-statdfuehrungen-karte-mascot-thumb\"  data-dt-location=\"https:\/\/af-stadtfuehrungen.de\/es\/musical-city-tour-hamburg\/af-stadtfuehrungen-individuelle-statdfuehrungen-karte-mascot-thumb\/\" \/><\/div>\n\t\t<\/figure>\n\t<\/div>\n<\/div><\/div><\/div><div class=\"wpb_column vc_column_container vc_col-sm-5 vc_col-lg-7 vc_col-md-6\"><div class=\"vc_column-inner vc_custom_1589826478959\"><div class=\"wpb_wrapper\"><div id=\"ultimate-heading-790569e4e23caa233\" class=\"uvc-heading ult-adjust-bottom-margin ultimate-heading-790569e4e23caa233 uvc-9650 \" data-hspacer=\"no_spacer\"  data-halign=\"left\" style=\"text-align:left\"><div class=\"uvc-heading-spacer no_spacer\" style=\"top\"><\/div><div class=\"uvc-main-heading ult-responsive\"  data-ultimate-target='.uvc-heading.ultimate-heading-790569e4e23caa233 h2'  data-responsive-json-new='{\"font-size\":\"desktop:36px;\",\"line-height\":\"desktop:46px;\"}' ><h2 style=\"--font-weight:theme;margin-bottom:25px;\">Deine Gastgeberin: Angelika Franke<\/h2><\/div><\/div>\n\t<div class=\"wpb_text_column wpb_content_element \" >\n\t\t<div class=\"wpb_wrapper\">\n\t\t\t<p style=\"background: white; margin: 0cm 0cm 7.5pt 0cm;\"><span style=\"font-size: 13.5pt; font-family: 'Helvetica',sans-serif; color: #7a7674;\">Willkommen auf meiner Website! <\/span><\/p>\n<p style=\"background: white; margin: 0cm 0cm 7.5pt 0cm;\"><span style=\"font-size: 13.5pt; font-family: 'Helvetica',sans-serif; color: #7a7674;\">Ich komme aus Hamburg und bin zertifizierte G\u00e4stef\u00fchrerin. In meiner Freizeit liebe ich es ganz besonders, an Pl\u00e4tze zu kommen, die etwas von der <b>Geschichte<\/b> dieses Ortes erz\u00e4hlen. Und von den Menschen, die diesen Ort gepr\u00e4gt haben. Darauf lege ich mein Augenmerk bei meinen Stadtf\u00fchrungen. Auch bei meinen musikalischen Stadtf\u00fchrungen.<\/span><\/p>\n<p style=\"background: white; margin: 0cm 0cm 7.5pt 0cm;\"><span style=\"font-size: 13.5pt; font-family: 'Helvetica',sans-serif; color: #7a7674;\">Als \u00dcbersetzerin f\u00fcr <b>Englisch<\/b> und <b>Spanisch<\/b> biete ich auch F\u00fchrungen in diesen Sprachen an. <\/span><\/p>\n<p style=\"background: white; margin: 0cm 0cm 7.5pt 0cm;\"><span style=\"font-size: 13.5pt; font-family: 'Helvetica',sans-serif; color: #7a7674;\">Klassische Musik begleitet mich seit meiner Kindheit, daher meine Vorliebe f\u00fcr alles Klassische. Singen hat mir immer schon Freude gemacht. F\u00fcr mich ist Musik auch kulturelle Vielfalt. Davon erz\u00e4hle ich auf meinen Touren. <\/span><\/p>\n<p style=\"background: white; margin: 0cm 0cm 7.5pt 0cm;\"><span style=\"font-size: 13.5pt; font-family: 'Helvetica',sans-serif; color: #7a7674;\">Ich f\u00fchre Dich an die Orte, an denen in Hamburg die Musik spielt. <\/span><\/p>\n\n\t\t<\/div>\n\t<\/div>\n<style type=\"text\/css\" data-type=\"the7_shortcodes-inline-css\">.shortcode-single-image-wrap.shortcode-single-image-dd729ebb475f1563d37c5bad89d88a46.enable-bg-rollover .rollover i,\n.shortcode-single-image-wrap.shortcode-single-image-dd729ebb475f1563d37c5bad89d88a46.enable-bg-rollover .rollover-video i {\n  background: -webkit-linear-gradient();\n  background: linear-gradient();\n}\n.shortcode-single-image-wrap.shortcode-single-image-dd729ebb475f1563d37c5bad89d88a46 .rollover-icon {\n  font-size: 32px;\n  color: #ffffff;\n  min-width: 44px;\n  min-height: 44px;\n  line-height: 44px;\n  border-radius: 100px;\n  border-style: solid;\n  border-width: 0px;\n}\n.dt-icon-bg-on.shortcode-single-image-wrap.shortcode-single-image-dd729ebb475f1563d37c5bad89d88a46 .rollover-icon {\n  background: rgba(255,255,255,0.3);\n  box-shadow: none;\n}\n<\/style><div class=\"shortcode-single-image-wrap shortcode-single-image-dd729ebb475f1563d37c5bad89d88a46 alignnone  vc_custom_1589825800944 enable-bg-rollover dt-icon-bg-off\" ><div class=\"shortcode-single-image\"><div class=\"fancy-media-wrap  layzr-bg\" style=\"border-radius:300px;\"><img loading=\"lazy\" decoding=\"async\" class=\"preload-me lazy-load\" src=\"data:image\/svg+xml,%3Csvg%20xmlns%3D&#39;http%3A%2F%2Fwww.w3.org%2F2000%2Fsvg&#39;%20viewBox%3D&#39;0%200%20300%20300&#39;%2F%3E\" data-src=\"https:\/\/af-stadtfuehrungen.de\/wp-content\/uploads\/2020\/05\/af-stadtfuehrungen-individuelle-statdfuehrungen-angelika-franke-300x300.jpg\" data-srcset=\"https:\/\/af-stadtfuehrungen.de\/wp-content\/uploads\/2020\/05\/af-stadtfuehrungen-individuelle-statdfuehrungen-angelika-franke-300x300.jpg 300w, https:\/\/af-stadtfuehrungen.de\/wp-content\/uploads\/2020\/05\/af-stadtfuehrungen-individuelle-statdfuehrungen-angelika-franke-600x600.jpg 600w\" width=\"300\" height=\"300\"  data-dt-location=\"https:\/\/af-stadtfuehrungen.de\/es\/musical-city-tour-hamburg\/af-stadtfuehrungen-individuelle-statdfuehrungen-angelika-franke\/\" style=\"border-radius:300px;\" alt=\"Angelika Franke Stadtrundgang Hamburg\" \/><\/div><\/div><\/div>\n\t<div class=\"wpb_text_column wpb_content_element \" >\n\t\t<div class=\"wpb_wrapper\">\n\t\t\t<h3>Angelika Franke<\/h3>\n<p class=\"p1\">ist\u00a0 eine Hamburger Deern. Nachdem sie lange Zeit durch die Weltgeschichte gesegelt ist, lebt sie seit 2003 wieder in ihrer Lieblingsstadt. Als zertifizierte G\u00e4stef\u00fchrerin (Hamburg Guides e.V. \/ BVGD e.V.) begleitet sie Gruppen und Einzelpersonen durch Hamburg.<\/p>\n\n\t\t<\/div>\n\t<\/div>\n<div class=\"vc_row wpb_row vc_inner vc_row-fluid vc_custom_1589826179410\"><div class=\"wpb_column vc_column_container vc_col-sm-4\"><div class=\"vc_column-inner\"><div class=\"wpb_wrapper\"><div class=\"ult-just-icon-wrapper  \"><div class=\"align-icon\" style=\"text-align:center;\">\n<div class=\"aio-icon-img \" style=\"font-size:150px;display:inline-block;\" >\n\t<img decoding=\"async\" class=\"img-icon\" alt=\"null\" src=\"https:\/\/af-stadtfuehrungen.de\/wp-content\/uploads\/2020\/05\/mitglied-im-HG-blk.svg\"\/>\n<\/div><\/div><\/div><\/div><\/div><\/div><div class=\"wpb_column vc_column_container vc_col-sm-4\"><div class=\"vc_column-inner\"><div class=\"wpb_wrapper\"><div class=\"ult-just-icon-wrapper  \"><div class=\"align-icon\" style=\"text-align:center;\">\n<div class=\"aio-icon-img \" style=\"font-size:75px;display:inline-block;\" >\n\t<img decoding=\"async\" class=\"img-icon\" alt=\"null\" src=\"https:\/\/af-stadtfuehrungen.de\/wp-content\/uploads\/2020\/05\/logo_gaestefuehrer.svg\"\/>\n<\/div><\/div><\/div><\/div><\/div><\/div><div class=\"wpb_column vc_column_container vc_col-sm-4\"><div class=\"vc_column-inner\"><div class=\"wpb_wrapper\"><div class=\"ult-just-icon-wrapper  \"><div class=\"align-icon\" style=\"text-align:center;\">\n<div class=\"aio-icon-img \" style=\"font-size:150px;display:inline-block;\" >\n\t<img decoding=\"async\" class=\"img-icon\" alt=\"null\" src=\"https:\/\/af-stadtfuehrungen.de\/wp-content\/uploads\/2020\/05\/logo-bvgd-blk.svg\"\/>\n<\/div><\/div><\/div><\/div><\/div><\/div><\/div><\/div><\/div><\/div><\/div><div class=\"vc_row wpb_row vc_row-fluid vc_custom_1589901261175\"><div class=\"wpb_column vc_column_container vc_col-sm-12\"><div class=\"vc_column-inner vc_custom_1492766890667\"><div class=\"wpb_wrapper\"><div id=\"ultimate-heading-9669e4e23cae564\" class=\"uvc-heading ult-adjust-bottom-margin ultimate-heading-9669e4e23cae564 uvc-9343 accent-subtitle-color\" data-hspacer=\"no_spacer\"  data-halign=\"left\" style=\"text-align:left\"><div class=\"uvc-heading-spacer no_spacer\" style=\"top\"><\/div><div class=\"uvc-main-heading ult-responsive\"  data-ultimate-target='.uvc-heading.ultimate-heading-9669e4e23cae564 h2'  data-responsive-json-new='{\"font-size\":\"desktop:36px;\",\"line-height\":\"desktop:46px;\"}' ><h2 style=\"font-weight:bold;color:#ffffff;margin-bottom:10px;\">Angelikas Lieblingstouren. Musik liegt in der Luft.<\/h2><\/div><\/div>[wt_carousel autoplay=&#8220;on&#8220;]<\/div><\/div><\/div><\/div><!-- Row Backgrounds --><div class=\"upb_bg_img\" data-ultimate-bg=\"url(https:\/\/af-stadtfuehrungen.de\/wp-content\/uploads\/2020\/05\/af-stadtfuehrungen-individuelle-statdfuehrungen-speicherstadt.jpg)\" data-image-id=\"id^7194|url^https:\/\/af-stadtfuehrungen.de\/wp-content\/uploads\/2020\/05\/af-stadtfuehrungen-individuelle-statdfuehrungen-speicherstadt.jpg|caption^null|alt^af-stadtfuehrungen-individuelle-statdfuehrungen-speicherstadt|title^af-stadtfuehrungen-individuelle-statdfuehrungen-speicherstadt|description^null\" data-ultimate-bg-style=\"vcpb-default\" data-bg-img-repeat=\"no-repeat\" data-bg-img-size=\"cover\" data-bg-img-position=\"\" data-parallx_sense=\"30\" data-bg-override=\"ex-full\" data-bg_img_attach=\"fixed\" data-upb-overlay-color=\"rgba(0,0,0,0.75)\" data-upb-bg-animation=\"\" data-fadeout=\"\" data-bg-animation=\"left-animation\" data-bg-animation-type=\"h\" data-animation-repeat=\"repeat\" data-fadeout-percentage=\"30\" data-parallax-content=\"\" data-parallax-content-sense=\"30\" data-row-effect-mobile-disable=\"true\" data-img-parallax-mobile-disable=\"true\" data-rtl=\"false\"  data-custom-vc-row=\"\"  data-vc=\"8.7.2\"  data-is_old_vc=\"\"  data-theme-support=\"\"   data-overlay=\"true\" data-overlay-color=\"rgba(0,0,0,0.75)\" data-overlay-pattern=\"\" data-overlay-pattern-opacity=\"0.8\" data-overlay-pattern-size=\"\" data-overlay-pattern-attachment=\"scroll\"    ><\/div>\n<\/div>","protected":false},"excerpt":{"rendered":"<p>Gu\u00eda tur\u00edstica certificada de HamburgoAngelika Franke: Gu\u00eda tur\u00edstica certificada de Hamburgo Su anfitriona: Angelika Franke \u00a1Bienvenida a mi p\u00e1gina web! Vengo de Hamburgo y soy gu\u00eda tur\u00edstico titulado. En mi tiempo libre me gusta especialmente visitar lugares que cuenten algo de la historia de ese lugar. Y sobre las personas que han dado forma a este lugar. Esto es lo que...<\/p>","protected":false},"author":1,"featured_media":0,"parent":0,"menu_order":0,"comment_status":"closed","ping_status":"closed","template":"","meta":{"footnotes":""},"class_list":["post-7042","page","type-page","status-publish","hentry","description-off"],"yoast_head":"<!-- This site is optimized with the Yoast SEO plugin v27.4 - https:\/\/yoast.com\/product\/yoast-seo-wordpress\/ -->\n<title>Stadtf\u00fchrungen Angelika Franke - zertifizierte Stadtf\u00fchrer Hamburg<\/title>\n<meta name=\"description\" content=\"Musikalische Stadtf\u00fchrungen Hamburg mit G\u00e4stef\u00fchrerin Angelika Franke \u2693\ufe0f deutsch - english - espa\u00f1ol \u260e\ufe0f 040 28807236\" \/>\n<meta name=\"robots\" content=\"index, follow, max-snippet:-1, max-image-preview:large, max-video-preview:-1\" \/>\n<link rel=\"canonical\" href=\"https:\/\/af-stadtfuehrungen.de\/es\/musical-city-tour-hamburg\/\" \/>\n<meta property=\"og:locale\" content=\"es_ES\" \/>\n<meta property=\"og:type\" content=\"article\" \/>\n<meta property=\"og:title\" content=\"Stadtf\u00fchrungen Angelika Franke - zertifizierte Stadtf\u00fchrer Hamburg\" \/>\n<meta property=\"og:description\" content=\"Musikalische Stadtf\u00fchrungen Hamburg mit G\u00e4stef\u00fchrerin Angelika Franke \u2693\ufe0f deutsch - english - espa\u00f1ol \u260e\ufe0f 040 28807236\" \/>\n<meta property=\"og:url\" content=\"https:\/\/af-stadtfuehrungen.de\/es\/musical-city-tour-hamburg\/\" \/>\n<meta property=\"og:site_name\" content=\"Stadtrundg\u00e4nge in Hamburg - Angelika Franke Stadtf\u00fchrungen\" \/>\n<meta property=\"article:modified_time\" content=\"2021-05-14T10:39:20+00:00\" \/>\n<meta name=\"twitter:card\" content=\"summary_large_image\" \/>\n<meta name=\"twitter:label1\" content=\"Tiempo de lectura\" \/>\n\t<meta name=\"twitter:data1\" content=\"2 minutos\" \/>\n<script type=\"application\/ld+json\" class=\"yoast-schema-graph\">{\"@context\":\"https:\\\/\\\/schema.org\",\"@graph\":[{\"@type\":\"WebPage\",\"@id\":\"https:\\\/\\\/af-stadtfuehrungen.de\\\/musikalische-stadtfuehrung-hamburg\\\/\",\"url\":\"https:\\\/\\\/af-stadtfuehrungen.de\\\/musikalische-stadtfuehrung-hamburg\\\/\",\"name\":\"Stadtf\u00fchrungen Angelika Franke - zertifizierte Stadtf\u00fchrer Hamburg\",\"isPartOf\":{\"@id\":\"https:\\\/\\\/af-stadtfuehrungen.de\\\/#website\"},\"datePublished\":\"2020-05-18T17:20:36+00:00\",\"dateModified\":\"2021-05-14T10:39:20+00:00\",\"description\":\"Musikalische Stadtf\u00fchrungen Hamburg mit G\u00e4stef\u00fchrerin Angelika Franke \u2693\ufe0f deutsch - english - espa\u00f1ol \u260e\ufe0f 040 28807236\",\"breadcrumb\":{\"@id\":\"https:\\\/\\\/af-stadtfuehrungen.de\\\/musikalische-stadtfuehrung-hamburg\\\/#breadcrumb\"},\"inLanguage\":\"es\",\"potentialAction\":[{\"@type\":\"ReadAction\",\"target\":[\"https:\\\/\\\/af-stadtfuehrungen.de\\\/musikalische-stadtfuehrung-hamburg\\\/\"]}]},{\"@type\":\"BreadcrumbList\",\"@id\":\"https:\\\/\\\/af-stadtfuehrungen.de\\\/musikalische-stadtfuehrung-hamburg\\\/#breadcrumb\",\"itemListElement\":[{\"@type\":\"ListItem\",\"position\":1,\"name\":\"Startseite\",\"item\":\"https:\\\/\\\/af-stadtfuehrungen.de\\\/\"},{\"@type\":\"ListItem\",\"position\":2,\"name\":\"zertifizierte Stadtf\u00fchrer Hamburg\"}]},{\"@type\":\"WebSite\",\"@id\":\"https:\\\/\\\/af-stadtfuehrungen.de\\\/#website\",\"url\":\"https:\\\/\\\/af-stadtfuehrungen.de\\\/\",\"name\":\"Stadtrundg\u00e4nge in Hamburg - Angelika Franke Stadtf\u00fchrungen\",\"description\":\"Auf Stadtrundgang in Hamburg erfahren Sie von Angelika Franke, einer geb\u00fcrtigen Hamburgerin, die bewegte Geschichte Hamburgs &amp; ihrer Pers\u00f6nlichkeiten.\",\"publisher\":{\"@id\":\"https:\\\/\\\/af-stadtfuehrungen.de\\\/#\\\/schema\\\/person\\\/ebbad58308406229ec47fbac5128f1e6\"},\"potentialAction\":[{\"@type\":\"SearchAction\",\"target\":{\"@type\":\"EntryPoint\",\"urlTemplate\":\"https:\\\/\\\/af-stadtfuehrungen.de\\\/?s={search_term_string}\"},\"query-input\":{\"@type\":\"PropertyValueSpecification\",\"valueRequired\":true,\"valueName\":\"search_term_string\"}}],\"inLanguage\":\"es\"},{\"@type\":[\"Person\",\"Organization\"],\"@id\":\"https:\\\/\\\/af-stadtfuehrungen.de\\\/#\\\/schema\\\/person\\\/ebbad58308406229ec47fbac5128f1e6\",\"name\":\"Angelika Franke\",\"logo\":{\"@id\":\"https:\\\/\\\/af-stadtfuehrungen.de\\\/#\\\/schema\\\/person\\\/image\\\/\"}}]}<\/script>\n<!-- \/ Yoast SEO plugin. -->","yoast_head_json":{"title":"Visitas a la ciudad Angelika Franke - Gu\u00eda certificada de la ciudad de Hamburgo","description":"Visitas musicales a la ciudad de Hamburgo con la gu\u00eda Angelika Franke \u2693\ufe0f Alem\u00e1n - Ingl\u00e9s - Espa\u00f1ol \u260e\ufe0f 040 28807236","robots":{"index":"index","follow":"follow","max-snippet":"max-snippet:-1","max-image-preview":"max-image-preview:large","max-video-preview":"max-video-preview:-1"},"canonical":"https:\/\/af-stadtfuehrungen.de\/es\/musical-city-tour-hamburg\/","og_locale":"es_ES","og_type":"article","og_title":"Stadtf\u00fchrungen Angelika Franke - zertifizierte Stadtf\u00fchrer Hamburg","og_description":"Musikalische Stadtf\u00fchrungen Hamburg mit G\u00e4stef\u00fchrerin Angelika Franke \u2693\ufe0f deutsch - english - espa\u00f1ol \u260e\ufe0f 040 28807236","og_url":"https:\/\/af-stadtfuehrungen.de\/es\/musical-city-tour-hamburg\/","og_site_name":"Stadtrundg\u00e4nge in Hamburg - Angelika Franke Stadtf\u00fchrungen","article_modified_time":"2021-05-14T10:39:20+00:00","twitter_card":"summary_large_image","twitter_misc":{"Tiempo de lectura":"2 minutos"},"schema":{"@context":"https:\/\/schema.org","@graph":[{"@type":"WebPage","@id":"https:\/\/af-stadtfuehrungen.de\/musikalische-stadtfuehrung-hamburg\/","url":"https:\/\/af-stadtfuehrungen.de\/musikalische-stadtfuehrung-hamburg\/","name":"Visitas a la ciudad Angelika Franke - Gu\u00eda certificada de la ciudad de Hamburgo","isPartOf":{"@id":"https:\/\/af-stadtfuehrungen.de\/#website"},"datePublished":"2020-05-18T17:20:36+00:00","dateModified":"2021-05-14T10:39:20+00:00","description":"Visitas musicales a la ciudad de Hamburgo con la gu\u00eda Angelika Franke \u2693\ufe0f Alem\u00e1n - Ingl\u00e9s - Espa\u00f1ol \u260e\ufe0f 040 28807236","breadcrumb":{"@id":"https:\/\/af-stadtfuehrungen.de\/musikalische-stadtfuehrung-hamburg\/#breadcrumb"},"inLanguage":"es","potentialAction":[{"@type":"ReadAction","target":["https:\/\/af-stadtfuehrungen.de\/musikalische-stadtfuehrung-hamburg\/"]}]},{"@type":"BreadcrumbList","@id":"https:\/\/af-stadtfuehrungen.de\/musikalische-stadtfuehrung-hamburg\/#breadcrumb","itemListElement":[{"@type":"ListItem","position":1,"name":"Startseite","item":"https:\/\/af-stadtfuehrungen.de\/"},{"@type":"ListItem","position":2,"name":"zertifizierte Stadtf\u00fchrer Hamburg"}]},{"@type":"WebSite","@id":"https:\/\/af-stadtfuehrungen.de\/#website","url":"https:\/\/af-stadtfuehrungen.de\/","name":"Paseos por la ciudad de Hamburgo - Angelika Franke Stadtf\u00fchrungen","description":"En una visita a la ciudad de Hamburgo, Angelika Franke, nativa de Hamburgo, le cuenta la agitada historia de Hamburgo y sus personalidades.","publisher":{"@id":"https:\/\/af-stadtfuehrungen.de\/#\/schema\/person\/ebbad58308406229ec47fbac5128f1e6"},"potentialAction":[{"@type":"SearchAction","target":{"@type":"EntryPoint","urlTemplate":"https:\/\/af-stadtfuehrungen.de\/?s={search_term_string}"},"query-input":{"@type":"PropertyValueSpecification","valueRequired":true,"valueName":"search_term_string"}}],"inLanguage":"es"},{"@type":["Person","Organization"],"@id":"https:\/\/af-stadtfuehrungen.de\/#\/schema\/person\/ebbad58308406229ec47fbac5128f1e6","name":"Angelika Franke","logo":{"@id":"https:\/\/af-stadtfuehrungen.de\/#\/schema\/person\/image\/"}}]}},"_links":{"self":[{"href":"https:\/\/af-stadtfuehrungen.de\/es\/wp-json\/wp\/v2\/pages\/7042","targetHints":{"allow":["GET"]}}],"collection":[{"href":"https:\/\/af-stadtfuehrungen.de\/es\/wp-json\/wp\/v2\/pages"}],"about":[{"href":"https:\/\/af-stadtfuehrungen.de\/es\/wp-json\/wp\/v2\/types\/page"}],"author":[{"embeddable":true,"href":"https:\/\/af-stadtfuehrungen.de\/es\/wp-json\/wp\/v2\/users\/1"}],"replies":[{"embeddable":true,"href":"https:\/\/af-stadtfuehrungen.de\/es\/wp-json\/wp\/v2\/comments?post=7042"}],"version-history":[{"count":40,"href":"https:\/\/af-stadtfuehrungen.de\/es\/wp-json\/wp\/v2\/pages\/7042\/revisions"}],"predecessor-version":[{"id":7545,"href":"https:\/\/af-stadtfuehrungen.de\/es\/wp-json\/wp\/v2\/pages\/7042\/revisions\/7545"}],"wp:attachment":[{"href":"https:\/\/af-stadtfuehrungen.de\/es\/wp-json\/wp\/v2\/media?parent=7042"}],"curies":[{"name":"wp","href":"https:\/\/api.w.org\/{rel}","templated":true}]}}