{"id":8106,"date":"2022-12-20T14:51:12","date_gmt":"2022-12-20T13:51:12","guid":{"rendered":"https:\/\/af-stadtfuehrungen.de\/?page_id=8106"},"modified":"2022-12-20T14:51:12","modified_gmt":"2022-12-20T13:51:12","slug":"tour-hafencity","status":"publish","type":"page","link":"https:\/\/af-stadtfuehrungen.de\/es\/tour-hafenciudad\/","title":{"rendered":"Recorrido - Hafencity"},"content":{"rendered":"<div class=\"wpb-content-wrapper\"><div class=\"vc_row wpb_row vc_row-fluid\"><div class=\"wpb_column vc_column_container vc_col-sm-12\"><div class=\"vc_column-inner\"><div class=\"wpb_wrapper\"><style type=\"text\/css\" data-type=\"the7_shortcodes-inline-css\">.gallery-carousel-shortcode.gallery-carousel-shortcode-id-00bb7794e0453bbded96b898e1a655ab .owl-nav a {\n  width: 36px;\n  height: 36px;\n  border-radius: 500px;\n}\n.dt-arrow-border-on.gallery-carousel-shortcode.gallery-carousel-shortcode-id-00bb7794e0453bbded96b898e1a655ab .owl-nav a:not(:hover):before {\n  border-width: 0px;\n}\n.dt-arrow-hover-border-on.gallery-carousel-shortcode.gallery-carousel-shortcode-id-00bb7794e0453bbded96b898e1a655ab .owl-nav a:hover:after {\n  border-width: 0px;\n}\n.gallery-carousel-shortcode.gallery-carousel-shortcode-id-00bb7794e0453bbded96b898e1a655ab .owl-nav a.owl-prev {\n  top: 50%;\n  transform: translateY(calc(-50% + 0px));\n  left: -43px;\n}\n@media all and (-ms-high-contrast: none) {\n  .gallery-carousel-shortcode.gallery-carousel-shortcode-id-00bb7794e0453bbded96b898e1a655ab .owl-nav a.owl-prev {\n    transform: translateY(-50%);\n    margin-top: 0px;\n  }\n}\n.gallery-carousel-shortcode.gallery-carousel-shortcode-id-00bb7794e0453bbded96b898e1a655ab .owl-nav a.owl-prev i {\n  padding: 0px 0px 0px 0px;\n}\n.gallery-carousel-shortcode.gallery-carousel-shortcode-id-00bb7794e0453bbded96b898e1a655ab .owl-nav a.owl-next {\n  top: 50%;\n  transform: translateY(calc(-50% + 0px));\n  right: -43px;\n}\n@media all and (-ms-high-contrast: none) {\n  .gallery-carousel-shortcode.gallery-carousel-shortcode-id-00bb7794e0453bbded96b898e1a655ab .owl-nav a.owl-next {\n    transform: translateY(-50%);\n    margin-top: 0px;\n  }\n}\n.gallery-carousel-shortcode.gallery-carousel-shortcode-id-00bb7794e0453bbded96b898e1a655ab .owl-nav a.owl-next i {\n  padding: 0px 0px 0px 0px;\n}\n.gallery-carousel-shortcode.gallery-carousel-shortcode-id-00bb7794e0453bbded96b898e1a655ab .owl-nav i {\n  font-size: 18px;\n}\n.gallery-carousel-shortcode.gallery-carousel-shortcode-id-00bb7794e0453bbded96b898e1a655ab .owl-nav a:not(:hover) i,\n.gallery-carousel-shortcode.gallery-carousel-shortcode-id-00bb7794e0453bbded96b898e1a655ab .owl-nav a:not(:hover) i:before {\n  color: #ffffff;\n  background: none;\n}\n.gallery-carousel-shortcode.gallery-carousel-shortcode-id-00bb7794e0453bbded96b898e1a655ab .owl-nav a:hover i,\n.gallery-carousel-shortcode.gallery-carousel-shortcode-id-00bb7794e0453bbded96b898e1a655ab .owl-nav a:hover i:before {\n  color: rgba(255,255,255,0.75);\n  background: none;\n}\n.gallery-carousel-shortcode.gallery-carousel-shortcode-id-00bb7794e0453bbded96b898e1a655ab .owl-dots {\n  top: calc(100% + 20px);\n  left: 50%;\n  transform: translateX(calc(-50% + 0px));\n}\n@media all and (-ms-high-contrast: none) {\n  .gallery-carousel-shortcode.gallery-carousel-shortcode-id-00bb7794e0453bbded96b898e1a655ab .owl-dots {\n    transform: translateX(-50%);\n    margin-left: 0px;\n  }\n}\n.gallery-carousel-shortcode.gallery-carousel-shortcode-id-00bb7794e0453bbded96b898e1a655ab .owl-dot {\n  width: 10px;\n  height: 10px;\n  margin: 0 8px;\n}\n@media screen and (max-width: 778px) {\n  .gallery-carousel-shortcode.gallery-carousel-shortcode-id-00bb7794e0453bbded96b898e1a655ab.hide-arrows .owl-nav a {\n    display: none;\n  }\n}\n@media screen and (max-width: 778px) {\n  .gallery-carousel-shortcode.gallery-carousel-shortcode-id-00bb7794e0453bbded96b898e1a655ab.reposition-arrows .owl-nav .owl-prev {\n    top: 50%;\n    transform: translateY(calc(-50% + 0px));\n    left: 10px;\n  }\n  .gallery-carousel-shortcode.gallery-carousel-shortcode-id-00bb7794e0453bbded96b898e1a655ab.reposition-arrows .owl-nav .owl-next {\n    top: 50%;\n    transform: translateY(calc(-50% + 0px));\n    right: 10px;\n  }\n}\n@media screen and (max-width: 778px) and all and (-ms-high-contrast: none) {\n  .gallery-carousel-shortcode.gallery-carousel-shortcode-id-00bb7794e0453bbded96b898e1a655ab.reposition-arrows .owl-nav .owl-prev {\n    transform: translateY(-50%);\n    margin-top: 0px;\n  }\n}\n@media screen and (max-width: 778px) and all and (-ms-high-contrast: none) {\n  .gallery-carousel-shortcode.gallery-carousel-shortcode-id-00bb7794e0453bbded96b898e1a655ab.reposition-arrows .owl-nav .owl-next {\n    transform: translateY(-50%);\n    margin-top: 0px;\n  }\n}\n.gallery-carousel-shortcode.gallery-carousel-shortcode-id-00bb7794e0453bbded96b898e1a655ab figure,\n.gallery-carousel-shortcode.gallery-carousel-shortcode-id-00bb7794e0453bbded96b898e1a655ab .rollover,\n.gallery-carousel-shortcode.gallery-carousel-shortcode-id-00bb7794e0453bbded96b898e1a655ab img,\n.gallery-carousel-shortcode.gallery-carousel-shortcode-id-00bb7794e0453bbded96b898e1a655ab .gallery-rollover {\n  border-radius: 0px;\n}\n.gallery-carousel-shortcode.gallery-carousel-shortcode-id-00bb7794e0453bbded96b898e1a655ab.enable-bg-rollover .gallery-rollover {\n  background: -webkit-linear-gradient();\n  background: linear-gradient();\n}\n.gallery-carousel-shortcode.gallery-carousel-shortcode-id-00bb7794e0453bbded96b898e1a655ab.enable-img-shadow .owl-stage-outer {\n  padding: 4px 0;\n}\n.gallery-carousel-shortcode.gallery-carousel-shortcode-id-00bb7794e0453bbded96b898e1a655ab.enable-bg-rollover.hover-scale figure .rollover:after {\n  background: -webkit-linear-gradient();\n  background: linear-gradient();\n}\n.gallery-carousel-shortcode.gallery-carousel-shortcode-id-00bb7794e0453bbded96b898e1a655ab.gallery-shortcode .gallery-zoom-ico {\n  width: 44px;\n  height: 44px;\n  line-height: 44px;\n  border-radius: 100px;\n  margin: -22px 0 0 -22px;\n  border-width: 0px;\n}\n.dt-icon-bg-on.gallery-carousel-shortcode.gallery-carousel-shortcode-id-00bb7794e0453bbded96b898e1a655ab.gallery-shortcode .gallery-zoom-ico {\n  background: rgba(255,255,255,0.3);\n  box-shadow: none;\n}\n.gallery-carousel-shortcode.gallery-carousel-shortcode-id-00bb7794e0453bbded96b898e1a655ab.gallery-shortcode .gallery-zoom-ico:before,\n.gallery-carousel-shortcode.gallery-carousel-shortcode-id-00bb7794e0453bbded96b898e1a655ab.gallery-shortcode .gallery-zoom-ico span {\n  font-size: 32px;\n  line-height: 44px;\n  color: #ffffff;\n  background: none;\n}\n<\/style><div class=\"owl-carousel gallery-carousel-shortcode gallery-shortcode  dt-gallery-container dt-owl-carousel-call gallery-carousel-shortcode-id-00bb7794e0453bbded96b898e1a655ab meta-info-off dt-arrow-border-on dt-arrow-hover-border-on bullets-small-dot-stroke reposition-arrows dt-icon-bg-off arrows-bg-on disable-arrows-hover-bg arrows-hover-bg-on  hover-fade\" data-scroll-mode=\"1\" data-col-num=\"2\" data-wide-col-num=\"2\" data-laptop-col=\"2\" data-h-tablet-columns-num=\"2\" data-v-tablet-columns-num=\"2\" data-phone-columns-num=\"2\" data-col-gap=\"0\" data-stage-padding=\"0\" data-speed=\"600\" data-autoplay=\"true\" data-autoplay_speed=\"3000\" data-arrows=\"false\" data-bullet=\"false\" data-next-icon=\"icon-ar-017-r\" data-prev-icon=\"icon-ar-017-l\" data-img-shadow-size=\"12px\" data-img-shadow-spread=\"3px\"><div data-post-id=\"7534\" data-date=\"2020-08-10T14:41:02+02:00\" data-name=\"af-stadtfuehrungen-hamburg-guide-tour-hafencity-04\"><figure class=\"post\"><a href=\"https:\/\/af-stadtfuehrungen.de\/wp-content\/uploads\/2020\/08\/af-stadtfuehrungen-hamburg-guide-tour-hafencity-04.jpg\" class=\"rollover dt-pswp-item layzr-bg\" data-large_image_width=\"600\" data-large_image_height=\"400\" data-dt-img-description=\"\" title=\"af-stadtfuehrungen-hamburg-guide-tour-hafencity-04\"><img loading=\"lazy\" decoding=\"async\" class=\"preload-me owl-lazy-load\" src=\"data:image\/svg+xml,%3Csvg%20xmlns%3D&#39;http%3A%2F%2Fwww.w3.org%2F2000%2Fsvg&#39;%20viewBox%3D&#39;0%200%20600%20400&#39;%2F%3E\" data-src=\"https:\/\/af-stadtfuehrungen.de\/wp-content\/uploads\/2020\/08\/af-stadtfuehrungen-hamburg-guide-tour-hafencity-04.jpg\" data-srcset=\"https:\/\/af-stadtfuehrungen.de\/wp-content\/uploads\/2020\/08\/af-stadtfuehrungen-hamburg-guide-tour-hafencity-04.jpg 600w\" alt=\"\" width=\"600\" height=\"400\"  \/><span class=\"gallery-rollover\"><\/span><\/a><\/figure><\/div><div data-post-id=\"7531\" data-date=\"2020-08-10T14:36:50+02:00\" data-name=\"af-stadtfuehrungen-hamburg-guide-tour-hafencity-05\"><figure class=\"post\"><a href=\"https:\/\/af-stadtfuehrungen.de\/wp-content\/uploads\/2020\/08\/af-stadtfuehrungen-hamburg-guide-tour-hafencity-05.jpg\" class=\"rollover dt-pswp-item layzr-bg\" data-large_image_width=\"600\" data-large_image_height=\"400\" data-dt-img-description=\"\" title=\"af-stadtfuehrungen-hamburg-guide-tour-hafencity-05\"><img loading=\"lazy\" decoding=\"async\" class=\"preload-me owl-lazy-load\" src=\"data:image\/svg+xml,%3Csvg%20xmlns%3D&#39;http%3A%2F%2Fwww.w3.org%2F2000%2Fsvg&#39;%20viewBox%3D&#39;0%200%20600%20400&#39;%2F%3E\" data-src=\"https:\/\/af-stadtfuehrungen.de\/wp-content\/uploads\/2020\/08\/af-stadtfuehrungen-hamburg-guide-tour-hafencity-05.jpg\" data-srcset=\"https:\/\/af-stadtfuehrungen.de\/wp-content\/uploads\/2020\/08\/af-stadtfuehrungen-hamburg-guide-tour-hafencity-05.jpg 600w\" alt=\"Hafencity Tour Elbphilharmonie\" width=\"600\" height=\"400\"  \/><span class=\"gallery-rollover\"><\/span><\/a><\/figure><\/div><div data-post-id=\"7529\" data-date=\"2020-08-10T14:36:48+02:00\" data-name=\"af-stadtfuehrungen-hamburg-guide-tour-hafencity-03\"><figure class=\"post\"><a href=\"https:\/\/af-stadtfuehrungen.de\/wp-content\/uploads\/2020\/08\/af-stadtfuehrungen-hamburg-guide-tour-hafencity-03.jpg\" class=\"rollover dt-pswp-item layzr-bg\" data-large_image_width=\"600\" data-large_image_height=\"400\" data-dt-img-description=\"\" title=\"af-stadtfuehrungen-hamburg-guide-tour-hafencity-03\"><img loading=\"lazy\" decoding=\"async\" class=\"preload-me owl-lazy-load\" src=\"data:image\/svg+xml,%3Csvg%20xmlns%3D&#39;http%3A%2F%2Fwww.w3.org%2F2000%2Fsvg&#39;%20viewBox%3D&#39;0%200%20600%20400&#39;%2F%3E\" data-src=\"https:\/\/af-stadtfuehrungen.de\/wp-content\/uploads\/2020\/08\/af-stadtfuehrungen-hamburg-guide-tour-hafencity-03.jpg\" data-srcset=\"https:\/\/af-stadtfuehrungen.de\/wp-content\/uploads\/2020\/08\/af-stadtfuehrungen-hamburg-guide-tour-hafencity-03.jpg 600w\" alt=\"Visita guiada a Hafencity - Strandkorb\" width=\"600\" height=\"400\"  \/><span class=\"gallery-rollover\"><\/span><\/a><\/figure><\/div><div data-post-id=\"7528\" data-date=\"2020-08-10T14:36:46+02:00\" data-name=\"af-stadtfuehrungen-hamburg-guide-tour-hafencity-02\"><figure class=\"post\"><a href=\"https:\/\/af-stadtfuehrungen.de\/wp-content\/uploads\/2020\/08\/af-stadtfuehrungen-hamburg-guide-tour-hafencity-02.jpg\" class=\"rollover dt-pswp-item layzr-bg\" data-large_image_width=\"600\" data-large_image_height=\"400\" data-dt-img-description=\"\" title=\"af-stadtfuehrungen-hamburg-guide-tour-hafencity-02\"><img loading=\"lazy\" decoding=\"async\" class=\"preload-me owl-lazy-load\" src=\"data:image\/svg+xml,%3Csvg%20xmlns%3D&#39;http%3A%2F%2Fwww.w3.org%2F2000%2Fsvg&#39;%20viewBox%3D&#39;0%200%20600%20400&#39;%2F%3E\" data-src=\"https:\/\/af-stadtfuehrungen.de\/wp-content\/uploads\/2020\/08\/af-stadtfuehrungen-hamburg-guide-tour-hafencity-02.jpg\" data-srcset=\"https:\/\/af-stadtfuehrungen.de\/wp-content\/uploads\/2020\/08\/af-stadtfuehrungen-hamburg-guide-tour-hafencity-02.jpg 600w\" alt=\"Hafencity Tour U4\" width=\"600\" height=\"400\"  \/><span class=\"gallery-rollover\"><\/span><\/a><\/figure><\/div><div data-post-id=\"7527\" data-date=\"2020-08-10T14:36:43+02:00\" data-name=\"af-stadtfuehrungen-hamburg-guide-tour-hafencity-01\"><figure class=\"post\"><a href=\"https:\/\/af-stadtfuehrungen.de\/wp-content\/uploads\/2020\/08\/af-stadtfuehrungen-hamburg-guide-tour-hafencity-01.jpg\" class=\"rollover dt-pswp-item layzr-bg\" data-large_image_width=\"600\" data-large_image_height=\"400\" data-dt-img-description=\"\" title=\"af-stadtfuehrungen-hamburg-guide-tour-hafencity-01\"><img loading=\"lazy\" decoding=\"async\" class=\"preload-me owl-lazy-load\" src=\"data:image\/svg+xml,%3Csvg%20xmlns%3D&#39;http%3A%2F%2Fwww.w3.org%2F2000%2Fsvg&#39;%20viewBox%3D&#39;0%200%20600%20400&#39;%2F%3E\" data-src=\"https:\/\/af-stadtfuehrungen.de\/wp-content\/uploads\/2020\/08\/af-stadtfuehrungen-hamburg-guide-tour-hafencity-01.jpg\" data-srcset=\"https:\/\/af-stadtfuehrungen.de\/wp-content\/uploads\/2020\/08\/af-stadtfuehrungen-hamburg-guide-tour-hafencity-01.jpg 600w\" alt=\"\" width=\"600\" height=\"400\"  \/><span class=\"gallery-rollover\"><\/span><\/a><\/figure><\/div><div data-post-id=\"7367\" data-date=\"2020-08-05T20:28:02+02:00\" data-name=\"af-stadtfuehrungen-hamburg-guide-tour-hafencity-elbphilharmony-01-A\"><figure class=\"post\"><a href=\"https:\/\/af-stadtfuehrungen.de\/wp-content\/uploads\/2020\/08\/af-stadtfuehrungen-hamburg-guide-tour-hafencity-elbphilharmony-01-A.jpg\" class=\"rollover dt-pswp-item layzr-bg\" data-large_image_width=\"600\" data-large_image_height=\"400\" data-dt-img-description=\"\" title=\"af-city-tours-hamburg-guide-tour-hafencity-elbphilharmony-01-A\"><img loading=\"lazy\" decoding=\"async\" class=\"preload-me owl-lazy-load\" src=\"data:image\/svg+xml,%3Csvg%20xmlns%3D&#39;http%3A%2F%2Fwww.w3.org%2F2000%2Fsvg&#39;%20viewBox%3D&#39;0%200%20600%20400&#39;%2F%3E\" data-src=\"https:\/\/af-stadtfuehrungen.de\/wp-content\/uploads\/2020\/08\/af-stadtfuehrungen-hamburg-guide-tour-hafencity-elbphilharmony-01-A.jpg\" data-srcset=\"https:\/\/af-stadtfuehrungen.de\/wp-content\/uploads\/2020\/08\/af-stadtfuehrungen-hamburg-guide-tour-hafencity-elbphilharmony-01-A.jpg 600w\" alt=\"Visita guiada a Hafencity Elbphilharmonie\" width=\"600\" height=\"400\"  \/><span class=\"gallery-rollover\"><\/span><\/a><\/figure><\/div><\/div><\/div><\/div><\/div><\/div><div class=\"vc_row wpb_row vc_row-fluid vc_custom_1597062402901\"><div class=\"wpb_column vc_column_container vc_col-sm-12\"><div class=\"vc_column-inner\"><div class=\"wpb_wrapper\">\n\t<div class=\"wpb_text_column wpb_content_element  vc_custom_1650900838274\" >\n\t\t<div class=\"wpb_wrapper\">\n\t\t\t<p>La agitada historia de la metr\u00f3poli mar\u00edtima se hace especialmente visible durante la visita guiada a la HafenCity.<br \/>\nEn la visita por el barrio m\u00e1s nuevo de Hamburgo, vemos c\u00f3mo la construcci\u00f3n moderna se une a la arquitectura tradicional de obra vista. La visita guiada se centra en las caracter\u00edsticas y los retos urban\u00edsticos.<\/p>\n<h3>Una visita guiada por el barrio HafenCity<\/h3>\n<p>En mi visita guiada a la HafenCity, con sus diez zonas muy diferentes, te mostrar\u00e9 c\u00f3mo la antigua zona portuaria se ha convertido en uno de los mayores proyectos urban\u00edsticos de Europa.<br \/>\nDe aqu\u00ed a 2030, se construir\u00e1n barrios residenciales y de ocio entre el Elba y la llamada Speicherstadt. Los restaurantes y caf\u00e9s, as\u00ed como los parques cuidadosamente ajardinados, ya invitan a los visitantes a relajarse.<br \/>\nEn la visita vemos c\u00f3mo se aplica sistem\u00e1ticamente el concepto de movilidad de vivir y trabajar en un mismo lugar.<\/p>\n<h3>Un punto central de la visita a la HafenCity: la filarm\u00f3nica del Elba - Elbphilharmonie<\/h3>\n<p>El nuevo edificio multifuncional forma parte de nuestra visita guiada a la HafenCity. Desde el mirador de la plaza, a 37 metros de altura, no s\u00f3lo se tiene una impresionante vista panor\u00e1mica del centro de la ciudad, el Elba y el puerto, sino tambi\u00e9n del desarrollo arquitect\u00f3nico del \"Nuevo Centro\" de Hamburgo.<br \/>\nLa filarm\u00f3nica del Elba es tambi\u00e9n un ejemplo de c\u00f3mo la arquitectura contempor\u00e1nea y el encanto del pasado est\u00e1n muy unidos. El nuevo monumento de Hamburgo es algo m\u00e1s que una sala de conciertos. Las dos salas de conciertos est\u00e1n rodeados por un hotel y un conjunto de pisos de lujo.<\/p>\n<h3>Rascacielos Elbtower como colof\u00f3n final<\/h3>\n<p>La construcci\u00f3n del rascacielos Elbtower, de 233 metros de altura, ser\u00e1 el poderoso colof\u00f3n final de la HafenCity y un contrapunto a la hist\u00f3rica Speicherstadt.<br \/>\nCon el Museo Mar\u00edtimo Internacional situado en el almac\u00e9n m\u00e1s antiguo de Hamburgo y el \"Sky-Walk Elbbr\u00fccken\", parada del metro y lugar de inter\u00e9s desde el punto de vista arquitect\u00f3nico, el ambiente mar\u00edtimo y la proximidad al agua est\u00e1n omnipresentes en mi visita guiada a la HafenCity.<\/p>\n<p><strong>Las visitas se realizan con un m\u00ednimo de 6 participantes.<\/strong><\/p>\n\n\t\t<\/div>\n\t<\/div>\n<div class=\"vc_message_box vc_message_box-standard vc_message_box-square vc_color-info\" ><div class=\"vc_message_box-icon\"><i class=\"fas fa-map-marked-alt\"><\/i><\/div><p>Duraci\u00f3n: 2 horas<br \/>\nPunto de encuentro: Kesselhaus, HafenCity, Am Sandtorkai 30<br \/>\nFecha: 2.11.2022<br \/>\nInicio: 2 pm<br \/>\nsin barreras: S\u00cd<\/p>\n<\/div><div class=\"wpb_gmaps_widget wpb_content_element\"><div class=\"wpb_wrapper\"><div class=\"wpb_map_wraper\"><div class=\"BorlabsCookie _brlbs-cb-googlemaps\"><div class=\"_brlbs-content-blocker\"> <div class=\"_brlbs-embed _brlbs-google-maps\"> <img class=\"_brlbs-thumbnail\" src=\"https:\/\/af-stadtfuehrungen.de\/wp-content\/plugins\/borlabs-cookie\/assets\/images\/cb-maps.png\" alt=\"Google Maps\"> <div class=\"_brlbs-caption\"> <p>Al cargar el mapa, usted acepta la pol\u00edtica de privacidad de Google.<br><a href=\"https:\/\/policies.google.com\/privacy\" target=\"_blank\" rel=\"nofollow noopener noreferrer\">M\u00e1s informaci\u00f3n<\/a><\/p> <p><a class=\"_brlbs-btn\" href=\"#\" data-borlabs-cookie-unblock role=\"button\">Cargar mapa<\/a><\/p> <p><label><input type=\"checkbox\" name=\"unblockAll\" value=\"1\" checked> <small>Desbloquear siempre Google Maps<\/small><\/label><\/p> <\/div> <\/div> <\/div><div class=\"borlabs-hide\" data-borlabs-cookie-type=\"content-blocker\" data-borlabs-cookie-id=\"googlemaps\"><script type=\"text\/template\">PGlmcmFtZSBzcmM9Imh0dHBzOi8vd3d3Lmdvb2dsZS5jb20vbWFwcy9lbWJlZD9wYj0hMW0xOCExbTEyITFtMyExZDM2NDcuNzU4ODUxMjU4MDEhMmQ5Ljk4NDUwNjEwNTk5ODU2OCEzZDUzLjU0NDM3Njk1MjEzNjUhMm0zITFmMCEyZjAhM2YwITNtMiExaTEwMjQhMmk3NjghNGYxMy4xITNtMyExbTIhMXMweDQ3YjE4ZjAzZjI1OGI3YzklM0EweGU5NjgyMDkwZjM4MjY1NmIhMnNLZXNzZWxoYXVzJTIwSGFtYnVyZyE1ZTAhM20yITFzZGUhMnNkZSE0djE2NjQwNDM0MDM4NjghNW0yITFzZGUhMnNkZSIgd2lkdGg9IjYwMCIgaGVpZ2h0PSI0MDAiIHN0eWxlPSJib3JkZXI6MDsiIGFsbG93ZnVsbHNjcmVlbj0iIiBsb2FkaW5nPSJsYXp5IiByZWZlcnJlcnBvbGljeT0ibm8tcmVmZXJyZXItd2hlbi1kb3duZ3JhZGUiPjwvaWZyYW1lPg==<\/script><\/div><\/div><\/div><\/div><\/div><\/div><\/div><\/div><\/div>\n<\/div>","protected":false},"excerpt":{"rendered":"<p>La agitada historia de la metr\u00f3poli mar\u00edtima se hace especialmente visible durante la visita guiada de HafenCity. Tambi\u00e9n en HafenCity podemos descubrir todav\u00eda las huellas del trabajo de las personas que dieron forma a Hamburgo. En una visita guiada por el barrio m\u00e1s nuevo de Hamburgo, vemos c\u00f3mo la construcci\u00f3n moderna se une a la arquitectura tradicional de ladrillo. Uno de los focos de atenci\u00f3n de la visita guiada a HafenCity ser\u00e1 la planificaci\u00f3n urban\u00edstica...<\/p>","protected":false},"author":1,"featured_media":0,"parent":0,"menu_order":0,"comment_status":"closed","ping_status":"closed","template":"","meta":{"footnotes":""},"class_list":["post-8106","page","type-page","status-publish","hentry","description-off"],"yoast_head":"<!-- This site is optimized with the Yoast SEO plugin v27.4 - https:\/\/yoast.com\/product\/yoast-seo-wordpress\/ -->\n<title>Tour - Hafencity - Stadtrundg\u00e4nge in Hamburg - Angelika Franke Stadtf\u00fchrungen<\/title>\n<meta name=\"robots\" content=\"index, follow, max-snippet:-1, max-image-preview:large, max-video-preview:-1\" \/>\n<link rel=\"canonical\" href=\"https:\/\/af-stadtfuehrungen.de\/es\/tour-hafenciudad\/\" \/>\n<meta property=\"og:locale\" content=\"es_ES\" \/>\n<meta property=\"og:type\" content=\"article\" \/>\n<meta property=\"og:title\" content=\"Tour - Hafencity - Stadtrundg\u00e4nge in Hamburg - Angelika Franke Stadtf\u00fchrungen\" \/>\n<meta property=\"og:url\" content=\"https:\/\/af-stadtfuehrungen.de\/es\/tour-hafenciudad\/\" \/>\n<meta property=\"og:site_name\" content=\"Stadtrundg\u00e4nge in Hamburg - Angelika Franke Stadtf\u00fchrungen\" \/>\n<meta name=\"twitter:card\" content=\"summary_large_image\" \/>\n<meta name=\"twitter:label1\" content=\"Tiempo de lectura\" \/>\n\t<meta name=\"twitter:data1\" content=\"3 minutos\" \/>\n<script type=\"application\/ld+json\" class=\"yoast-schema-graph\">{\"@context\":\"https:\\\/\\\/schema.org\",\"@graph\":[{\"@type\":\"WebPage\",\"@id\":\"https:\\\/\\\/af-stadtfuehrungen.de\\\/tour-hafencity\\\/\",\"url\":\"https:\\\/\\\/af-stadtfuehrungen.de\\\/tour-hafencity\\\/\",\"name\":\"Tour - Hafencity - Stadtrundg\u00e4nge in Hamburg - Angelika Franke Stadtf\u00fchrungen\",\"isPartOf\":{\"@id\":\"https:\\\/\\\/af-stadtfuehrungen.de\\\/#website\"},\"datePublished\":\"2022-12-20T13:51:12+00:00\",\"breadcrumb\":{\"@id\":\"https:\\\/\\\/af-stadtfuehrungen.de\\\/tour-hafencity\\\/#breadcrumb\"},\"inLanguage\":\"es\",\"potentialAction\":[{\"@type\":\"ReadAction\",\"target\":[\"https:\\\/\\\/af-stadtfuehrungen.de\\\/tour-hafencity\\\/\"]}]},{\"@type\":\"BreadcrumbList\",\"@id\":\"https:\\\/\\\/af-stadtfuehrungen.de\\\/tour-hafencity\\\/#breadcrumb\",\"itemListElement\":[{\"@type\":\"ListItem\",\"position\":1,\"name\":\"Startseite\",\"item\":\"https:\\\/\\\/af-stadtfuehrungen.de\\\/\"},{\"@type\":\"ListItem\",\"position\":2,\"name\":\"Tour &#8211; Hafencity\"}]},{\"@type\":\"WebSite\",\"@id\":\"https:\\\/\\\/af-stadtfuehrungen.de\\\/#website\",\"url\":\"https:\\\/\\\/af-stadtfuehrungen.de\\\/\",\"name\":\"Stadtrundg\u00e4nge in Hamburg - Angelika Franke Stadtf\u00fchrungen\",\"description\":\"Auf Stadtrundgang in Hamburg erfahren Sie von Angelika Franke, einer geb\u00fcrtigen Hamburgerin, die bewegte Geschichte Hamburgs &amp; ihrer Pers\u00f6nlichkeiten.\",\"publisher\":{\"@id\":\"https:\\\/\\\/af-stadtfuehrungen.de\\\/#\\\/schema\\\/person\\\/ebbad58308406229ec47fbac5128f1e6\"},\"potentialAction\":[{\"@type\":\"SearchAction\",\"target\":{\"@type\":\"EntryPoint\",\"urlTemplate\":\"https:\\\/\\\/af-stadtfuehrungen.de\\\/?s={search_term_string}\"},\"query-input\":{\"@type\":\"PropertyValueSpecification\",\"valueRequired\":true,\"valueName\":\"search_term_string\"}}],\"inLanguage\":\"es\"},{\"@type\":[\"Person\",\"Organization\"],\"@id\":\"https:\\\/\\\/af-stadtfuehrungen.de\\\/#\\\/schema\\\/person\\\/ebbad58308406229ec47fbac5128f1e6\",\"name\":\"Angelika Franke\",\"logo\":{\"@id\":\"https:\\\/\\\/af-stadtfuehrungen.de\\\/#\\\/schema\\\/person\\\/image\\\/\"}}]}<\/script>\n<!-- \/ Yoast SEO plugin. -->","yoast_head_json":{"title":"Tour - Hafencity - visitas por la ciudad de Hamburgo - visitas guiadas Angelika Franke","robots":{"index":"index","follow":"follow","max-snippet":"max-snippet:-1","max-image-preview":"max-image-preview:large","max-video-preview":"max-video-preview:-1"},"canonical":"https:\/\/af-stadtfuehrungen.de\/es\/tour-hafenciudad\/","og_locale":"es_ES","og_type":"article","og_title":"Tour - Hafencity - Stadtrundg\u00e4nge in Hamburg - Angelika Franke Stadtf\u00fchrungen","og_url":"https:\/\/af-stadtfuehrungen.de\/es\/tour-hafenciudad\/","og_site_name":"Stadtrundg\u00e4nge in Hamburg - Angelika Franke Stadtf\u00fchrungen","twitter_card":"summary_large_image","twitter_misc":{"Tiempo de lectura":"3 minutos"},"schema":{"@context":"https:\/\/schema.org","@graph":[{"@type":"WebPage","@id":"https:\/\/af-stadtfuehrungen.de\/tour-hafencity\/","url":"https:\/\/af-stadtfuehrungen.de\/tour-hafencity\/","name":"Tour - Hafencity - visitas por la ciudad de Hamburgo - visitas guiadas Angelika Franke","isPartOf":{"@id":"https:\/\/af-stadtfuehrungen.de\/#website"},"datePublished":"2022-12-20T13:51:12+00:00","breadcrumb":{"@id":"https:\/\/af-stadtfuehrungen.de\/tour-hafencity\/#breadcrumb"},"inLanguage":"es","potentialAction":[{"@type":"ReadAction","target":["https:\/\/af-stadtfuehrungen.de\/tour-hafencity\/"]}]},{"@type":"BreadcrumbList","@id":"https:\/\/af-stadtfuehrungen.de\/tour-hafencity\/#breadcrumb","itemListElement":[{"@type":"ListItem","position":1,"name":"Startseite","item":"https:\/\/af-stadtfuehrungen.de\/"},{"@type":"ListItem","position":2,"name":"Tour &#8211; Hafencity"}]},{"@type":"WebSite","@id":"https:\/\/af-stadtfuehrungen.de\/#website","url":"https:\/\/af-stadtfuehrungen.de\/","name":"Paseos por la ciudad de Hamburgo - Angelika Franke Stadtf\u00fchrungen","description":"En una visita a la ciudad de Hamburgo, Angelika Franke, nativa de Hamburgo, le cuenta la agitada historia de Hamburgo y sus personalidades.","publisher":{"@id":"https:\/\/af-stadtfuehrungen.de\/#\/schema\/person\/ebbad58308406229ec47fbac5128f1e6"},"potentialAction":[{"@type":"SearchAction","target":{"@type":"EntryPoint","urlTemplate":"https:\/\/af-stadtfuehrungen.de\/?s={search_term_string}"},"query-input":{"@type":"PropertyValueSpecification","valueRequired":true,"valueName":"search_term_string"}}],"inLanguage":"es"},{"@type":["Person","Organization"],"@id":"https:\/\/af-stadtfuehrungen.de\/#\/schema\/person\/ebbad58308406229ec47fbac5128f1e6","name":"Angelika Franke","logo":{"@id":"https:\/\/af-stadtfuehrungen.de\/#\/schema\/person\/image\/"}}]}},"_links":{"self":[{"href":"https:\/\/af-stadtfuehrungen.de\/es\/wp-json\/wp\/v2\/pages\/8106","targetHints":{"allow":["GET"]}}],"collection":[{"href":"https:\/\/af-stadtfuehrungen.de\/es\/wp-json\/wp\/v2\/pages"}],"about":[{"href":"https:\/\/af-stadtfuehrungen.de\/es\/wp-json\/wp\/v2\/types\/page"}],"author":[{"embeddable":true,"href":"https:\/\/af-stadtfuehrungen.de\/es\/wp-json\/wp\/v2\/users\/1"}],"replies":[{"embeddable":true,"href":"https:\/\/af-stadtfuehrungen.de\/es\/wp-json\/wp\/v2\/comments?post=8106"}],"version-history":[{"count":2,"href":"https:\/\/af-stadtfuehrungen.de\/es\/wp-json\/wp\/v2\/pages\/8106\/revisions"}],"predecessor-version":[{"id":8130,"href":"https:\/\/af-stadtfuehrungen.de\/es\/wp-json\/wp\/v2\/pages\/8106\/revisions\/8130"}],"wp:attachment":[{"href":"https:\/\/af-stadtfuehrungen.de\/es\/wp-json\/wp\/v2\/media?parent=8106"}],"curies":[{"name":"wp","href":"https:\/\/api.w.org\/{rel}","templated":true}]}}