{"id":8108,"date":"2022-12-20T14:52:34","date_gmt":"2022-12-20T13:52:34","guid":{"rendered":"https:\/\/af-stadtfuehrungen.de\/?page_id=8108"},"modified":"2022-12-20T14:52:34","modified_gmt":"2022-12-20T13:52:34","slug":"tour-stadtfuehrung-religioese-vielfalt-hamburg-sankt-georg","status":"publish","type":"page","link":"https:\/\/af-stadtfuehrungen.de\/es\/tour-ciudad-diversidad-religiosa-hamburgo-saint-georg\/","title":{"rendered":"Excursi\u00f3n - Visita a la ciudad de la diversidad religiosa Hamburgo-Sankt Georg"},"content":{"rendered":"<div class=\"wpb-content-wrapper\"><div class=\"vc_row wpb_row vc_row-fluid\"><div class=\"wpb_column vc_column_container vc_col-sm-12\"><div class=\"vc_column-inner\"><div class=\"wpb_wrapper\"><style type=\"text\/css\" data-type=\"the7_shortcodes-inline-css\">.gallery-carousel-shortcode.gallery-carousel-shortcode-id-a2116fb62818481380b846e9bd21426e .owl-nav a {\n  width: 36px;\n  height: 36px;\n  border-radius: 500px;\n}\n.dt-arrow-border-on.gallery-carousel-shortcode.gallery-carousel-shortcode-id-a2116fb62818481380b846e9bd21426e .owl-nav a:not(:hover):before {\n  border-width: 0px;\n}\n.dt-arrow-hover-border-on.gallery-carousel-shortcode.gallery-carousel-shortcode-id-a2116fb62818481380b846e9bd21426e .owl-nav a:hover:after {\n  border-width: 0px;\n}\n.gallery-carousel-shortcode.gallery-carousel-shortcode-id-a2116fb62818481380b846e9bd21426e .owl-nav a.owl-prev {\n  top: 50%;\n  transform: translateY(calc(-50% + 0px));\n  left: -43px;\n}\n@media all and (-ms-high-contrast: none) {\n  .gallery-carousel-shortcode.gallery-carousel-shortcode-id-a2116fb62818481380b846e9bd21426e .owl-nav a.owl-prev {\n    transform: translateY(-50%);\n    margin-top: 0px;\n  }\n}\n.gallery-carousel-shortcode.gallery-carousel-shortcode-id-a2116fb62818481380b846e9bd21426e .owl-nav a.owl-prev i {\n  padding: 0px 0px 0px 0px;\n}\n.gallery-carousel-shortcode.gallery-carousel-shortcode-id-a2116fb62818481380b846e9bd21426e .owl-nav a.owl-next {\n  top: 50%;\n  transform: translateY(calc(-50% + 0px));\n  right: -43px;\n}\n@media all and (-ms-high-contrast: none) {\n  .gallery-carousel-shortcode.gallery-carousel-shortcode-id-a2116fb62818481380b846e9bd21426e .owl-nav a.owl-next {\n    transform: translateY(-50%);\n    margin-top: 0px;\n  }\n}\n.gallery-carousel-shortcode.gallery-carousel-shortcode-id-a2116fb62818481380b846e9bd21426e .owl-nav a.owl-next i {\n  padding: 0px 0px 0px 0px;\n}\n.gallery-carousel-shortcode.gallery-carousel-shortcode-id-a2116fb62818481380b846e9bd21426e .owl-nav i {\n  font-size: 18px;\n}\n.gallery-carousel-shortcode.gallery-carousel-shortcode-id-a2116fb62818481380b846e9bd21426e .owl-nav a:not(:hover) i,\n.gallery-carousel-shortcode.gallery-carousel-shortcode-id-a2116fb62818481380b846e9bd21426e .owl-nav a:not(:hover) i:before {\n  color: #ffffff;\n  background: none;\n}\n.gallery-carousel-shortcode.gallery-carousel-shortcode-id-a2116fb62818481380b846e9bd21426e .owl-nav a:hover i,\n.gallery-carousel-shortcode.gallery-carousel-shortcode-id-a2116fb62818481380b846e9bd21426e .owl-nav a:hover i:before {\n  color: rgba(255,255,255,0.75);\n  background: none;\n}\n.gallery-carousel-shortcode.gallery-carousel-shortcode-id-a2116fb62818481380b846e9bd21426e .owl-dots {\n  top: calc(100% + 20px);\n  left: 50%;\n  transform: translateX(calc(-50% + 0px));\n}\n@media all and (-ms-high-contrast: none) {\n  .gallery-carousel-shortcode.gallery-carousel-shortcode-id-a2116fb62818481380b846e9bd21426e .owl-dots {\n    transform: translateX(-50%);\n    margin-left: 0px;\n  }\n}\n.gallery-carousel-shortcode.gallery-carousel-shortcode-id-a2116fb62818481380b846e9bd21426e .owl-dot {\n  width: 10px;\n  height: 10px;\n  margin: 0 8px;\n}\n@media screen and (max-width: 778px) {\n  .gallery-carousel-shortcode.gallery-carousel-shortcode-id-a2116fb62818481380b846e9bd21426e.hide-arrows .owl-nav a {\n    display: none;\n  }\n}\n@media screen and (max-width: 778px) {\n  .gallery-carousel-shortcode.gallery-carousel-shortcode-id-a2116fb62818481380b846e9bd21426e.reposition-arrows .owl-nav .owl-prev {\n    top: 50%;\n    transform: translateY(calc(-50% + 0px));\n    left: 10px;\n  }\n  .gallery-carousel-shortcode.gallery-carousel-shortcode-id-a2116fb62818481380b846e9bd21426e.reposition-arrows .owl-nav .owl-next {\n    top: 50%;\n    transform: translateY(calc(-50% + 0px));\n    right: 10px;\n  }\n}\n@media screen and (max-width: 778px) and all and (-ms-high-contrast: none) {\n  .gallery-carousel-shortcode.gallery-carousel-shortcode-id-a2116fb62818481380b846e9bd21426e.reposition-arrows .owl-nav .owl-prev {\n    transform: translateY(-50%);\n    margin-top: 0px;\n  }\n}\n@media screen and (max-width: 778px) and all and (-ms-high-contrast: none) {\n  .gallery-carousel-shortcode.gallery-carousel-shortcode-id-a2116fb62818481380b846e9bd21426e.reposition-arrows .owl-nav .owl-next {\n    transform: translateY(-50%);\n    margin-top: 0px;\n  }\n}\n.gallery-carousel-shortcode.gallery-carousel-shortcode-id-a2116fb62818481380b846e9bd21426e figure,\n.gallery-carousel-shortcode.gallery-carousel-shortcode-id-a2116fb62818481380b846e9bd21426e .rollover,\n.gallery-carousel-shortcode.gallery-carousel-shortcode-id-a2116fb62818481380b846e9bd21426e img,\n.gallery-carousel-shortcode.gallery-carousel-shortcode-id-a2116fb62818481380b846e9bd21426e .gallery-rollover {\n  border-radius: 0px;\n}\n.gallery-carousel-shortcode.gallery-carousel-shortcode-id-a2116fb62818481380b846e9bd21426e.enable-bg-rollover .gallery-rollover {\n  background: -webkit-linear-gradient();\n  background: linear-gradient();\n}\n.gallery-carousel-shortcode.gallery-carousel-shortcode-id-a2116fb62818481380b846e9bd21426e.enable-img-shadow .owl-stage-outer {\n  padding: 4px 0;\n}\n.gallery-carousel-shortcode.gallery-carousel-shortcode-id-a2116fb62818481380b846e9bd21426e.enable-bg-rollover.hover-scale figure .rollover:after {\n  background: -webkit-linear-gradient();\n  background: linear-gradient();\n}\n.gallery-carousel-shortcode.gallery-carousel-shortcode-id-a2116fb62818481380b846e9bd21426e.gallery-shortcode .gallery-zoom-ico {\n  width: 44px;\n  height: 44px;\n  line-height: 44px;\n  border-radius: 100px;\n  margin: -22px 0 0 -22px;\n  border-width: 0px;\n}\n.dt-icon-bg-on.gallery-carousel-shortcode.gallery-carousel-shortcode-id-a2116fb62818481380b846e9bd21426e.gallery-shortcode .gallery-zoom-ico {\n  background: rgba(255,255,255,0.3);\n  box-shadow: none;\n}\n.gallery-carousel-shortcode.gallery-carousel-shortcode-id-a2116fb62818481380b846e9bd21426e.gallery-shortcode .gallery-zoom-ico:before,\n.gallery-carousel-shortcode.gallery-carousel-shortcode-id-a2116fb62818481380b846e9bd21426e.gallery-shortcode .gallery-zoom-ico span {\n  font-size: 32px;\n  line-height: 44px;\n  color: #ffffff;\n  background: none;\n}\n<\/style><div class=\"owl-carousel gallery-carousel-shortcode gallery-shortcode  dt-gallery-container dt-owl-carousel-call gallery-carousel-shortcode-id-a2116fb62818481380b846e9bd21426e meta-info-off dt-arrow-border-on dt-arrow-hover-border-on bullets-small-dot-stroke reposition-arrows dt-icon-bg-off arrows-bg-on disable-arrows-hover-bg arrows-hover-bg-on  hover-fade\" data-scroll-mode=\"1\" data-col-num=\"2\" data-wide-col-num=\"2\" data-laptop-col=\"2\" data-h-tablet-columns-num=\"2\" data-v-tablet-columns-num=\"2\" data-phone-columns-num=\"2\" data-col-gap=\"0\" data-stage-padding=\"0\" data-speed=\"600\" data-autoplay=\"true\" data-autoplay_speed=\"3000\" data-arrows=\"false\" data-bullet=\"false\" data-next-icon=\"icon-ar-017-r\" data-prev-icon=\"icon-ar-017-l\" data-img-shadow-size=\"12px\" data-img-shadow-spread=\"3px\"><div data-post-id=\"7343\" data-date=\"2020-08-05T11:29:16+02:00\" data-name=\"af-stadtfuehrungen-hamburg-guide-tour-st-georg-03-A\"><figure class=\"post\"><a href=\"https:\/\/af-stadtfuehrungen.de\/wp-content\/uploads\/2020\/08\/af-stadtfuehrungen-hamburg-guide-tour-st-georg-03-A.jpg\" class=\"rollover dt-pswp-item layzr-bg\" data-large_image_width=\"600\" data-large_image_height=\"400\" data-dt-img-description=\"\" title=\"af-stadtfuehrungen-hamburg-guide-tour-st-georg-03-A\"><img loading=\"lazy\" decoding=\"async\" class=\"preload-me owl-lazy-load\" src=\"data:image\/svg+xml,%3Csvg%20xmlns%3D&#39;http%3A%2F%2Fwww.w3.org%2F2000%2Fsvg&#39;%20viewBox%3D&#39;0%200%20600%20400&#39;%2F%3E\" data-src=\"https:\/\/af-stadtfuehrungen.de\/wp-content\/uploads\/2020\/08\/af-stadtfuehrungen-hamburg-guide-tour-st-georg-03-A.jpg\" data-srcset=\"https:\/\/af-stadtfuehrungen.de\/wp-content\/uploads\/2020\/08\/af-stadtfuehrungen-hamburg-guide-tour-st-georg-03-A.jpg 600w\" alt=\"\" width=\"600\" height=\"400\"  \/><span class=\"gallery-rollover\"><\/span><\/a><\/figure><\/div><div data-post-id=\"7341\" data-date=\"2020-08-05T11:29:12+02:00\" data-name=\"af-stadtfuehrungen-hamburg-guide-tour-st-georg-01-A\"><figure class=\"post\"><a href=\"https:\/\/af-stadtfuehrungen.de\/wp-content\/uploads\/2020\/08\/af-stadtfuehrungen-hamburg-guide-tour-st-georg-01-A.jpg\" class=\"rollover dt-pswp-item layzr-bg\" data-large_image_width=\"600\" data-large_image_height=\"400\" data-dt-img-description=\"\" title=\"af-city-tours-hamburg-guide-tour-st-georg-01-A\"><img loading=\"lazy\" decoding=\"async\" class=\"preload-me owl-lazy-load\" src=\"data:image\/svg+xml,%3Csvg%20xmlns%3D&#39;http%3A%2F%2Fwww.w3.org%2F2000%2Fsvg&#39;%20viewBox%3D&#39;0%200%20600%20400&#39;%2F%3E\" data-src=\"https:\/\/af-stadtfuehrungen.de\/wp-content\/uploads\/2020\/08\/af-stadtfuehrungen-hamburg-guide-tour-st-georg-01-A.jpg\" data-srcset=\"https:\/\/af-stadtfuehrungen.de\/wp-content\/uploads\/2020\/08\/af-stadtfuehrungen-hamburg-guide-tour-st-georg-01-A.jpg 600w\" alt=\"Visita a la ciudad de Uhlenhorst\" width=\"600\" height=\"400\"  \/><span class=\"gallery-rollover\"><\/span><\/a><\/figure><\/div><div data-post-id=\"7354\" data-date=\"2020-08-05T19:33:30+02:00\" data-name=\"af-stadtfuehrungen-hamburg-guide-tour-st-georg-04-A\"><figure class=\"post\"><a href=\"https:\/\/af-stadtfuehrungen.de\/wp-content\/uploads\/2020\/08\/af-stadtfuehrungen-hamburg-guide-tour-st-georg-04-A.jpg\" class=\"rollover dt-pswp-item layzr-bg\" data-large_image_width=\"600\" data-large_image_height=\"400\" data-dt-img-description=\"\" title=\"af-stadtfuehrungen-hamburg-guide-tour-st-georg-04-A\"><img loading=\"lazy\" decoding=\"async\" class=\"preload-me owl-lazy-load\" src=\"data:image\/svg+xml,%3Csvg%20xmlns%3D&#39;http%3A%2F%2Fwww.w3.org%2F2000%2Fsvg&#39;%20viewBox%3D&#39;0%200%20600%20400&#39;%2F%3E\" data-src=\"https:\/\/af-stadtfuehrungen.de\/wp-content\/uploads\/2020\/08\/af-stadtfuehrungen-hamburg-guide-tour-st-georg-04-A.jpg\" data-srcset=\"https:\/\/af-stadtfuehrungen.de\/wp-content\/uploads\/2020\/08\/af-stadtfuehrungen-hamburg-guide-tour-st-georg-04-A.jpg 600w\" alt=\"Diversidad religiosa San Jorge\" width=\"600\" height=\"400\"  \/><span class=\"gallery-rollover\"><\/span><\/a><\/figure><\/div><div data-post-id=\"7355\" data-date=\"2020-08-05T19:33:34+02:00\" data-name=\"af-stadtfuehrungen-hamburg-guide-tour-st-georg-05-A\"><figure class=\"post\"><a href=\"https:\/\/af-stadtfuehrungen.de\/wp-content\/uploads\/2020\/08\/af-stadtfuehrungen-hamburg-guide-tour-st-georg-05-A.jpg\" class=\"rollover dt-pswp-item layzr-bg\" data-large_image_width=\"600\" data-large_image_height=\"400\" data-dt-img-description=\"\" title=\"af-stadtfuehrungen-hamburg-guide-tour-st-georg-05-A\"><img loading=\"lazy\" decoding=\"async\" class=\"preload-me owl-lazy-load\" src=\"data:image\/svg+xml,%3Csvg%20xmlns%3D&#39;http%3A%2F%2Fwww.w3.org%2F2000%2Fsvg&#39;%20viewBox%3D&#39;0%200%20600%20400&#39;%2F%3E\" data-src=\"https:\/\/af-stadtfuehrungen.de\/wp-content\/uploads\/2020\/08\/af-stadtfuehrungen-hamburg-guide-tour-st-georg-05-A.jpg\" data-srcset=\"https:\/\/af-stadtfuehrungen.de\/wp-content\/uploads\/2020\/08\/af-stadtfuehrungen-hamburg-guide-tour-st-georg-05-A.jpg 600w\" alt=\"Visita a la diversidad religiosa de San Jorge\" width=\"600\" height=\"400\"  \/><span class=\"gallery-rollover\"><\/span><\/a><\/figure><\/div><div data-post-id=\"7342\" data-date=\"2020-08-05T11:29:14+02:00\" data-name=\"af-stadtfuehrungen-hamburg-guide-tour-st-georg-02-A\"><figure class=\"post\"><a href=\"https:\/\/af-stadtfuehrungen.de\/wp-content\/uploads\/2020\/08\/af-stadtfuehrungen-hamburg-guide-tour-st-georg-02-A.jpg\" class=\"rollover dt-pswp-item layzr-bg\" data-large_image_width=\"600\" data-large_image_height=\"400\" data-dt-img-description=\"\" title=\"af-stadtfuehrungen-hamburg-guide-tour-st-georg-02-A\"><img loading=\"lazy\" decoding=\"async\" class=\"preload-me owl-lazy-load\" src=\"data:image\/svg+xml,%3Csvg%20xmlns%3D&#39;http%3A%2F%2Fwww.w3.org%2F2000%2Fsvg&#39;%20viewBox%3D&#39;0%200%20600%20400&#39;%2F%3E\" data-src=\"https:\/\/af-stadtfuehrungen.de\/wp-content\/uploads\/2020\/08\/af-stadtfuehrungen-hamburg-guide-tour-st-georg-02-A.jpg\" data-srcset=\"https:\/\/af-stadtfuehrungen.de\/wp-content\/uploads\/2020\/08\/af-stadtfuehrungen-hamburg-guide-tour-st-georg-02-A.jpg 600w\" alt=\"\" width=\"600\" height=\"400\"  \/><span class=\"gallery-rollover\"><\/span><\/a><\/figure><\/div><\/div><\/div><\/div><\/div><\/div><div class=\"vc_row wpb_row vc_row-fluid vc_custom_1597062402901\"><div class=\"wpb_column vc_column_container vc_col-sm-12\"><div class=\"vc_column-inner\"><div class=\"wpb_wrapper\">\n\t<div class=\"wpb_text_column wpb_content_element  vc_custom_1650899979364\" >\n\t\t<div class=\"wpb_wrapper\">\n\t\t\t<p>Acomp\u00e1\u00f1eme en un recorrido por el distrito de moda. Sankt Georg es uno de los barrios m\u00e1s populares de Hamburgo. Las celebridades de Hamburgo viven aqu\u00ed junto a los estudiantes y las familias. La proximidad a la estaci\u00f3n principal de ferrocarril y la amplia oferta de restaurantes de cocina internacional y caf\u00e9s callejeros hacen que el distrito sea atractivo tanto para la gente de Hamburgo como para los turistas.<br \/>\nEn la visita al barrio de San Jorge nos sumergimos en la turbulenta historia de un antiguo barrio pobre. Mientras caminamos por el distrito a trav\u00e9s de Hansaplatz, Steindamm y Lange Reihe, le cuento sobre el desarrollo del distrito en una popular zona residencial y de la vida nocturna.<\/p>\n<h2>Experimente la diversidad religiosa de San Jorge en una visita a la ciudad de Hamburgo<\/h2>\n<p>Experimente la diversidad religiosa donde la Catedral de Santa Mar\u00eda y la Mezquita Centrum, el Templo Sij y la Iglesia de la Trinidad est\u00e1n a un tiro de piedra unos de otros. La estatua ecuestre de San Jorge, que dio nombre al distrito, se encuentra no muy lejos de donde se encontraba el Hospital de San Jorge, un hospital de leprosos, en la Edad Media.<br \/>\nDurante la visita descubriremos los contrastes que chocan aqu\u00ed y que hacen que el distrito sea tan colorido. Por un lado, comunidades religiosas con un gran compromiso c\u00edvico en el barrio, y por otro lado, la cercan\u00eda de la estaci\u00f3n con problemas de drogas y delincuencia. Gracias a los controles policiales regulares, el n\u00famero de delitos ha disminuido. Mientras que las mezquitas y los bazares dominan el paisaje urbano de Steindamm, los colores del arco iris y el ambiente multicultural dominan la zona de Lange Reihe.<\/p>\n<h2>Diversidad religiosa: comercio, hosteler\u00eda e iglesias<\/h2>\n<p>Tambi\u00e9n son los peque\u00f1os comercios y hoteles los que caracterizan a Sankt Georg, ya que algunos de ellos llevan muchos a\u00f1os arraigados en el barrio. Por ejemplo, la librer\u00eda Dr. Wohlers existe desde 1933 y el Hotel Reichshof era el mayor hotel de Alemania cuando se inaugur\u00f3 en 1910. El Hotel Atlantic tambi\u00e9n ha dejado su huella en el distrito, sobre todo gracias a su destacado hu\u00e9sped permanente, el cantante Udo Lindenberg.<br \/>\nLa Mariendom, la catedral de Santa Mar\u00eda, es ahora la iglesia principal de la archidi\u00f3cesis de Hamburgo, aunque los cat\u00f3licos figuran entre las minor\u00edas religiosas en el Norte de Alemania.  \u00bfPor qu\u00e9 est\u00e1 situado en el barrio de San Jorge, lejos de las principales iglesias de Hamburgo? \u00bfPor qu\u00e9 son desmontables los minaretes de la Mezquita del Centro? \u00bfD\u00f3nde se encuentra la \u00faltima estaci\u00f3n del V\u00eda Crucis medieval? Conocer\u00e1s esta y otras muchas historias interesantes en mi recorrido por el barrio de San Jorge.<\/p>\n<p><strong>Las visitas se realizan con un m\u00ednimo de 6 participantes.<\/strong><\/p>\n\n\t\t<\/div>\n\t<\/div>\n<div class=\"vc_message_box vc_message_box-standard vc_message_box-square vc_color-info\" ><div class=\"vc_message_box-icon\"><i class=\"fas fa-map-marked-alt\"><\/i><\/div><p>Duraci\u00f3n: 2 horas<br \/>\nLugar de encuentro: Hotel <a href=\"https:\/\/www.google.com\/maps\/dir\/53.3388458,9.877176\/Hotel+Reichshof,+Kirchenallee+34-36\/@53.4395541,9.8086079,11z\/data=!3m1!4b1!4m9!4m8!1m1!4e1!1m5!1m1!1s0x47b18ee0ce2bee41:0x331912a132c6564e!2m2!1d10.0083961!2d53.5548066\" target=\"_blank\" rel=\"noopener noreferrer\">Reichshof Hamburgo, Kirchenallee 34-36<\/a><\/p>\n<p>Fecha: a petici\u00f3n<\/p>\n<p>Comienzo: 12 h<\/p>\n<p>sin barreras: S\u00cd<\/p>\n<\/div><div class=\"wpb_gmaps_widget wpb_content_element\"><div class=\"wpb_wrapper\"><div class=\"wpb_map_wraper\"><div class=\"BorlabsCookie _brlbs-cb-googlemaps\"><div class=\"_brlbs-content-blocker\"> <div class=\"_brlbs-embed _brlbs-google-maps\"> <img class=\"_brlbs-thumbnail\" src=\"https:\/\/af-stadtfuehrungen.de\/wp-content\/plugins\/borlabs-cookie\/assets\/images\/cb-maps.png\" alt=\"Google Maps\"> <div class=\"_brlbs-caption\"> <p>Al cargar el mapa, usted acepta la pol\u00edtica de privacidad de Google.<br><a href=\"https:\/\/policies.google.com\/privacy\" target=\"_blank\" rel=\"nofollow noopener noreferrer\">M\u00e1s informaci\u00f3n<\/a><\/p> <p><a class=\"_brlbs-btn\" href=\"#\" data-borlabs-cookie-unblock role=\"button\">Cargar mapa<\/a><\/p> <p><label><input type=\"checkbox\" name=\"unblockAll\" value=\"1\" checked> <small>Desbloquear siempre Google Maps<\/small><\/label><\/p> <\/div> <\/div> <\/div><div class=\"borlabs-hide\" data-borlabs-cookie-type=\"content-blocker\" data-borlabs-cookie-id=\"googlemaps\"><script type=\"text\/template\">PGlmcmFtZSBsb2FkaW5nPSJsYXp5IiBzcmM9Imh0dHBzOi8vd3d3Lmdvb2dsZS5jb20vbWFwcy9lbWJlZD9wYj0hMW0xNCExbTghMW0zITFkMTE2MC43MDE3NTk4OTE2MjE0ITJkMTAuMDA4MTg4OTYyNzIxMjcyITNkNTMuNTU0NTM4MTI1MDIyNjQ2ITNtMiExaTEwMjQhMmk3NjghNGYxMy4xITNtMyExbTIhMXMweDAlM0EweDMzMTkxMmExMzJjNjU2NGUhMnNSZWljaHNob2YlMjBIYW1idXJnJTJDJTIwQ3VyaW8lMjBDb2xsZWN0aW9uJTIwYnklMjBIaWx0b24hNWUwITNtMiExc2RlITJzZGUhNHYxNTk2NjQ5MzY2OTk0ITVtMiExc2RlITJzZGUiIHdpZHRoPSI2MDAiIGhlaWdodD0iNDAwIiBmcmFtZWJvcmRlcj0iMCIgc3R5bGU9ImJvcmRlcjowOyIgYWxsb3dmdWxsc2NyZWVuPSIiIGFyaWEtaGlkZGVuPSJmYWxzZSIgdGFiaW5kZXg9IjAiPjwvaWZyYW1lPg==<\/script><\/div><\/div><\/div><\/div><\/div><\/div><\/div><\/div><\/div>\n<\/div>","protected":false},"excerpt":{"rendered":"<p>Acomp\u00e1\u00f1eme en un recorrido por el barrio de moda. Sankt Georg es uno de los barrios m\u00e1s populares de Hamburgo. Celebridades de Hamburgo conviven aqu\u00ed con estudiantes y familias. La proximidad a la estaci\u00f3n central de ferrocarril y la amplia oferta de restaurantes de cocina internacional y caf\u00e9s callejeros hacen que el barrio resulte atractivo tanto para los residentes de Hamburgo como para los turistas. En nuestra visita a la ciudad de Hamburgo-Sankt...<\/p>","protected":false},"author":1,"featured_media":0,"parent":0,"menu_order":0,"comment_status":"closed","ping_status":"closed","template":"","meta":{"footnotes":""},"class_list":["post-8108","page","type-page","status-publish","hentry","description-off"],"yoast_head":"<!-- This site is optimized with the Yoast SEO plugin v27.4 - https:\/\/yoast.com\/product\/yoast-seo-wordpress\/ -->\n<title>Tour - Stadtf\u00fchrung religi\u00f6se Vielfalt Hamburg-Sankt Georg - Stadtrundg\u00e4nge in Hamburg - Angelika Franke Stadtf\u00fchrungen<\/title>\n<meta name=\"robots\" content=\"index, follow, max-snippet:-1, max-image-preview:large, max-video-preview:-1\" \/>\n<link rel=\"canonical\" href=\"https:\/\/af-stadtfuehrungen.de\/es\/tour-ciudad-diversidad-religiosa-hamburgo-saint-georg\/\" \/>\n<meta property=\"og:locale\" content=\"es_ES\" \/>\n<meta property=\"og:type\" content=\"article\" \/>\n<meta property=\"og:title\" content=\"Tour - Stadtf\u00fchrung religi\u00f6se Vielfalt Hamburg-Sankt Georg - Stadtrundg\u00e4nge in Hamburg - Angelika Franke Stadtf\u00fchrungen\" \/>\n<meta property=\"og:url\" content=\"https:\/\/af-stadtfuehrungen.de\/es\/tour-ciudad-diversidad-religiosa-hamburgo-saint-georg\/\" \/>\n<meta property=\"og:site_name\" content=\"Stadtrundg\u00e4nge in Hamburg - Angelika Franke Stadtf\u00fchrungen\" \/>\n<meta name=\"twitter:card\" content=\"summary_large_image\" \/>\n<meta name=\"twitter:label1\" content=\"Tiempo de lectura\" \/>\n\t<meta name=\"twitter:data1\" content=\"3 minutos\" \/>\n<script type=\"application\/ld+json\" class=\"yoast-schema-graph\">{\"@context\":\"https:\\\/\\\/schema.org\",\"@graph\":[{\"@type\":\"WebPage\",\"@id\":\"https:\\\/\\\/af-stadtfuehrungen.de\\\/tour-stadtfuehrung-religioese-vielfalt-hamburg-sankt-georg\\\/\",\"url\":\"https:\\\/\\\/af-stadtfuehrungen.de\\\/tour-stadtfuehrung-religioese-vielfalt-hamburg-sankt-georg\\\/\",\"name\":\"Tour - Stadtf\u00fchrung religi\u00f6se Vielfalt Hamburg-Sankt Georg - Stadtrundg\u00e4nge in Hamburg - Angelika Franke Stadtf\u00fchrungen\",\"isPartOf\":{\"@id\":\"https:\\\/\\\/af-stadtfuehrungen.de\\\/#website\"},\"datePublished\":\"2022-12-20T13:52:34+00:00\",\"breadcrumb\":{\"@id\":\"https:\\\/\\\/af-stadtfuehrungen.de\\\/tour-stadtfuehrung-religioese-vielfalt-hamburg-sankt-georg\\\/#breadcrumb\"},\"inLanguage\":\"es\",\"potentialAction\":[{\"@type\":\"ReadAction\",\"target\":[\"https:\\\/\\\/af-stadtfuehrungen.de\\\/tour-stadtfuehrung-religioese-vielfalt-hamburg-sankt-georg\\\/\"]}]},{\"@type\":\"BreadcrumbList\",\"@id\":\"https:\\\/\\\/af-stadtfuehrungen.de\\\/tour-stadtfuehrung-religioese-vielfalt-hamburg-sankt-georg\\\/#breadcrumb\",\"itemListElement\":[{\"@type\":\"ListItem\",\"position\":1,\"name\":\"Startseite\",\"item\":\"https:\\\/\\\/af-stadtfuehrungen.de\\\/\"},{\"@type\":\"ListItem\",\"position\":2,\"name\":\"Tour &#8211; Stadtf\u00fchrung religi\u00f6se Vielfalt Hamburg-Sankt Georg\"}]},{\"@type\":\"WebSite\",\"@id\":\"https:\\\/\\\/af-stadtfuehrungen.de\\\/#website\",\"url\":\"https:\\\/\\\/af-stadtfuehrungen.de\\\/\",\"name\":\"Stadtrundg\u00e4nge in Hamburg - Angelika Franke Stadtf\u00fchrungen\",\"description\":\"Auf Stadtrundgang in Hamburg erfahren Sie von Angelika Franke, einer geb\u00fcrtigen Hamburgerin, die bewegte Geschichte Hamburgs &amp; ihrer Pers\u00f6nlichkeiten.\",\"publisher\":{\"@id\":\"https:\\\/\\\/af-stadtfuehrungen.de\\\/#\\\/schema\\\/person\\\/ebbad58308406229ec47fbac5128f1e6\"},\"potentialAction\":[{\"@type\":\"SearchAction\",\"target\":{\"@type\":\"EntryPoint\",\"urlTemplate\":\"https:\\\/\\\/af-stadtfuehrungen.de\\\/?s={search_term_string}\"},\"query-input\":{\"@type\":\"PropertyValueSpecification\",\"valueRequired\":true,\"valueName\":\"search_term_string\"}}],\"inLanguage\":\"es\"},{\"@type\":[\"Person\",\"Organization\"],\"@id\":\"https:\\\/\\\/af-stadtfuehrungen.de\\\/#\\\/schema\\\/person\\\/ebbad58308406229ec47fbac5128f1e6\",\"name\":\"Angelika Franke\",\"logo\":{\"@id\":\"https:\\\/\\\/af-stadtfuehrungen.de\\\/#\\\/schema\\\/person\\\/image\\\/\"}}]}<\/script>\n<!-- \/ Yoast SEO plugin. -->","yoast_head_json":{"title":"Recorrido - Recorrido por la ciudad diversidad religiosa Hamburgo-Sankt Georg - Recorridos por la ciudad de Hamburgo - Angelika Franke Stadtf\u00fchrungen","robots":{"index":"index","follow":"follow","max-snippet":"max-snippet:-1","max-image-preview":"max-image-preview:large","max-video-preview":"max-video-preview:-1"},"canonical":"https:\/\/af-stadtfuehrungen.de\/es\/tour-ciudad-diversidad-religiosa-hamburgo-saint-georg\/","og_locale":"es_ES","og_type":"article","og_title":"Tour - Stadtf\u00fchrung religi\u00f6se Vielfalt Hamburg-Sankt Georg - Stadtrundg\u00e4nge in Hamburg - Angelika Franke Stadtf\u00fchrungen","og_url":"https:\/\/af-stadtfuehrungen.de\/es\/tour-ciudad-diversidad-religiosa-hamburgo-saint-georg\/","og_site_name":"Stadtrundg\u00e4nge in Hamburg - Angelika Franke Stadtf\u00fchrungen","twitter_card":"summary_large_image","twitter_misc":{"Tiempo de lectura":"3 minutos"},"schema":{"@context":"https:\/\/schema.org","@graph":[{"@type":"WebPage","@id":"https:\/\/af-stadtfuehrungen.de\/tour-stadtfuehrung-religioese-vielfalt-hamburg-sankt-georg\/","url":"https:\/\/af-stadtfuehrungen.de\/tour-stadtfuehrung-religioese-vielfalt-hamburg-sankt-georg\/","name":"Recorrido - Recorrido por la ciudad diversidad religiosa Hamburgo-Sankt Georg - Recorridos por la ciudad de Hamburgo - Angelika Franke Stadtf\u00fchrungen","isPartOf":{"@id":"https:\/\/af-stadtfuehrungen.de\/#website"},"datePublished":"2022-12-20T13:52:34+00:00","breadcrumb":{"@id":"https:\/\/af-stadtfuehrungen.de\/tour-stadtfuehrung-religioese-vielfalt-hamburg-sankt-georg\/#breadcrumb"},"inLanguage":"es","potentialAction":[{"@type":"ReadAction","target":["https:\/\/af-stadtfuehrungen.de\/tour-stadtfuehrung-religioese-vielfalt-hamburg-sankt-georg\/"]}]},{"@type":"BreadcrumbList","@id":"https:\/\/af-stadtfuehrungen.de\/tour-stadtfuehrung-religioese-vielfalt-hamburg-sankt-georg\/#breadcrumb","itemListElement":[{"@type":"ListItem","position":1,"name":"Startseite","item":"https:\/\/af-stadtfuehrungen.de\/"},{"@type":"ListItem","position":2,"name":"Tour &#8211; Stadtf\u00fchrung religi\u00f6se Vielfalt Hamburg-Sankt Georg"}]},{"@type":"WebSite","@id":"https:\/\/af-stadtfuehrungen.de\/#website","url":"https:\/\/af-stadtfuehrungen.de\/","name":"Paseos por la ciudad de Hamburgo - Angelika Franke Stadtf\u00fchrungen","description":"En una visita a la ciudad de Hamburgo, Angelika Franke, nativa de Hamburgo, le cuenta la agitada historia de Hamburgo y sus personalidades.","publisher":{"@id":"https:\/\/af-stadtfuehrungen.de\/#\/schema\/person\/ebbad58308406229ec47fbac5128f1e6"},"potentialAction":[{"@type":"SearchAction","target":{"@type":"EntryPoint","urlTemplate":"https:\/\/af-stadtfuehrungen.de\/?s={search_term_string}"},"query-input":{"@type":"PropertyValueSpecification","valueRequired":true,"valueName":"search_term_string"}}],"inLanguage":"es"},{"@type":["Person","Organization"],"@id":"https:\/\/af-stadtfuehrungen.de\/#\/schema\/person\/ebbad58308406229ec47fbac5128f1e6","name":"Angelika Franke","logo":{"@id":"https:\/\/af-stadtfuehrungen.de\/#\/schema\/person\/image\/"}}]}},"_links":{"self":[{"href":"https:\/\/af-stadtfuehrungen.de\/es\/wp-json\/wp\/v2\/pages\/8108","targetHints":{"allow":["GET"]}}],"collection":[{"href":"https:\/\/af-stadtfuehrungen.de\/es\/wp-json\/wp\/v2\/pages"}],"about":[{"href":"https:\/\/af-stadtfuehrungen.de\/es\/wp-json\/wp\/v2\/types\/page"}],"author":[{"embeddable":true,"href":"https:\/\/af-stadtfuehrungen.de\/es\/wp-json\/wp\/v2\/users\/1"}],"replies":[{"embeddable":true,"href":"https:\/\/af-stadtfuehrungen.de\/es\/wp-json\/wp\/v2\/comments?post=8108"}],"version-history":[{"count":1,"href":"https:\/\/af-stadtfuehrungen.de\/es\/wp-json\/wp\/v2\/pages\/8108\/revisions"}],"predecessor-version":[{"id":8109,"href":"https:\/\/af-stadtfuehrungen.de\/es\/wp-json\/wp\/v2\/pages\/8108\/revisions\/8109"}],"wp:attachment":[{"href":"https:\/\/af-stadtfuehrungen.de\/es\/wp-json\/wp\/v2\/media?parent=8108"}],"curies":[{"name":"wp","href":"https:\/\/api.w.org\/{rel}","templated":true}]}}