{"id":8112,"date":"2022-12-20T13:15:07","date_gmt":"2022-12-20T12:15:07","guid":{"rendered":"https:\/\/af-stadtfuehrungen.de\/?page_id=8112"},"modified":"2023-04-05T10:05:56","modified_gmt":"2023-04-05T08:05:56","slug":"tour-musikalischer-spaziergang-durch-hamburg","status":"publish","type":"page","link":"https:\/\/af-stadtfuehrungen.de\/es\/tour-musical-pasear-por-hamburgo-la-musica-esta-en-el-aire\/","title":{"rendered":"Tour - Paseo musical por Hamburgo"},"content":{"rendered":"<div class=\"wpb-content-wrapper\"><div class=\"vc_row wpb_row vc_row-fluid\"><div class=\"wpb_column vc_column_container vc_col-sm-12\"><div class=\"vc_column-inner\"><div class=\"wpb_wrapper\"><style type=\"text\/css\" data-type=\"the7_shortcodes-inline-css\">.gallery-carousel-shortcode.gallery-carousel-shortcode-id-8037bef0a63810d04f0d1998d1b8a3b7 .owl-nav a {\n  width: 36px;\n  height: 36px;\n  border-radius: 500px;\n}\n.dt-arrow-border-on.gallery-carousel-shortcode.gallery-carousel-shortcode-id-8037bef0a63810d04f0d1998d1b8a3b7 .owl-nav a:not(:hover):before {\n  border-width: 0px;\n}\n.dt-arrow-hover-border-on.gallery-carousel-shortcode.gallery-carousel-shortcode-id-8037bef0a63810d04f0d1998d1b8a3b7 .owl-nav a:hover:after {\n  border-width: 0px;\n}\n.gallery-carousel-shortcode.gallery-carousel-shortcode-id-8037bef0a63810d04f0d1998d1b8a3b7 .owl-nav a.owl-prev {\n  top: 50%;\n  transform: translateY(calc(-50% + 0px));\n  left: -43px;\n}\n@media all and (-ms-high-contrast: none) {\n  .gallery-carousel-shortcode.gallery-carousel-shortcode-id-8037bef0a63810d04f0d1998d1b8a3b7 .owl-nav a.owl-prev {\n    transform: translateY(-50%);\n    margin-top: 0px;\n  }\n}\n.gallery-carousel-shortcode.gallery-carousel-shortcode-id-8037bef0a63810d04f0d1998d1b8a3b7 .owl-nav a.owl-prev i {\n  padding: 0px 0px 0px 0px;\n}\n.gallery-carousel-shortcode.gallery-carousel-shortcode-id-8037bef0a63810d04f0d1998d1b8a3b7 .owl-nav a.owl-next {\n  top: 50%;\n  transform: translateY(calc(-50% + 0px));\n  right: -43px;\n}\n@media all and (-ms-high-contrast: none) {\n  .gallery-carousel-shortcode.gallery-carousel-shortcode-id-8037bef0a63810d04f0d1998d1b8a3b7 .owl-nav a.owl-next {\n    transform: translateY(-50%);\n    margin-top: 0px;\n  }\n}\n.gallery-carousel-shortcode.gallery-carousel-shortcode-id-8037bef0a63810d04f0d1998d1b8a3b7 .owl-nav a.owl-next i {\n  padding: 0px 0px 0px 0px;\n}\n.gallery-carousel-shortcode.gallery-carousel-shortcode-id-8037bef0a63810d04f0d1998d1b8a3b7 .owl-nav i {\n  font-size: 18px;\n}\n.gallery-carousel-shortcode.gallery-carousel-shortcode-id-8037bef0a63810d04f0d1998d1b8a3b7 .owl-nav a:not(:hover) i,\n.gallery-carousel-shortcode.gallery-carousel-shortcode-id-8037bef0a63810d04f0d1998d1b8a3b7 .owl-nav a:not(:hover) i:before {\n  color: #ffffff;\n  background: none;\n}\n.gallery-carousel-shortcode.gallery-carousel-shortcode-id-8037bef0a63810d04f0d1998d1b8a3b7 .owl-nav a:hover i,\n.gallery-carousel-shortcode.gallery-carousel-shortcode-id-8037bef0a63810d04f0d1998d1b8a3b7 .owl-nav a:hover i:before {\n  color: rgba(255,255,255,0.75);\n  background: none;\n}\n.gallery-carousel-shortcode.gallery-carousel-shortcode-id-8037bef0a63810d04f0d1998d1b8a3b7 .owl-dots {\n  top: calc(100% + 20px);\n  left: 50%;\n  transform: translateX(calc(-50% + 0px));\n}\n@media all and (-ms-high-contrast: none) {\n  .gallery-carousel-shortcode.gallery-carousel-shortcode-id-8037bef0a63810d04f0d1998d1b8a3b7 .owl-dots {\n    transform: translateX(-50%);\n    margin-left: 0px;\n  }\n}\n.gallery-carousel-shortcode.gallery-carousel-shortcode-id-8037bef0a63810d04f0d1998d1b8a3b7 .owl-dot {\n  width: 10px;\n  height: 10px;\n  margin: 0 8px;\n}\n@media screen and (max-width: 778px) {\n  .gallery-carousel-shortcode.gallery-carousel-shortcode-id-8037bef0a63810d04f0d1998d1b8a3b7.hide-arrows .owl-nav a {\n    display: none;\n  }\n}\n@media screen and (max-width: 778px) {\n  .gallery-carousel-shortcode.gallery-carousel-shortcode-id-8037bef0a63810d04f0d1998d1b8a3b7.reposition-arrows .owl-nav .owl-prev {\n    top: 50%;\n    transform: translateY(calc(-50% + 0px));\n    left: 10px;\n  }\n  .gallery-carousel-shortcode.gallery-carousel-shortcode-id-8037bef0a63810d04f0d1998d1b8a3b7.reposition-arrows .owl-nav .owl-next {\n    top: 50%;\n    transform: translateY(calc(-50% + 0px));\n    right: 10px;\n  }\n}\n@media screen and (max-width: 778px) and all and (-ms-high-contrast: none) {\n  .gallery-carousel-shortcode.gallery-carousel-shortcode-id-8037bef0a63810d04f0d1998d1b8a3b7.reposition-arrows .owl-nav .owl-prev {\n    transform: translateY(-50%);\n    margin-top: 0px;\n  }\n}\n@media screen and (max-width: 778px) and all and (-ms-high-contrast: none) {\n  .gallery-carousel-shortcode.gallery-carousel-shortcode-id-8037bef0a63810d04f0d1998d1b8a3b7.reposition-arrows .owl-nav .owl-next {\n    transform: translateY(-50%);\n    margin-top: 0px;\n  }\n}\n.gallery-carousel-shortcode.gallery-carousel-shortcode-id-8037bef0a63810d04f0d1998d1b8a3b7 figure,\n.gallery-carousel-shortcode.gallery-carousel-shortcode-id-8037bef0a63810d04f0d1998d1b8a3b7 .rollover,\n.gallery-carousel-shortcode.gallery-carousel-shortcode-id-8037bef0a63810d04f0d1998d1b8a3b7 img,\n.gallery-carousel-shortcode.gallery-carousel-shortcode-id-8037bef0a63810d04f0d1998d1b8a3b7 .gallery-rollover {\n  border-radius: 0px;\n}\n.gallery-carousel-shortcode.gallery-carousel-shortcode-id-8037bef0a63810d04f0d1998d1b8a3b7.enable-bg-rollover .gallery-rollover {\n  background: -webkit-linear-gradient();\n  background: linear-gradient();\n}\n.gallery-carousel-shortcode.gallery-carousel-shortcode-id-8037bef0a63810d04f0d1998d1b8a3b7.enable-img-shadow .owl-stage-outer {\n  padding: 4px 0;\n}\n.gallery-carousel-shortcode.gallery-carousel-shortcode-id-8037bef0a63810d04f0d1998d1b8a3b7.enable-bg-rollover.hover-scale figure .rollover:after {\n  background: -webkit-linear-gradient();\n  background: linear-gradient();\n}\n.gallery-carousel-shortcode.gallery-carousel-shortcode-id-8037bef0a63810d04f0d1998d1b8a3b7.gallery-shortcode .gallery-zoom-ico {\n  width: 44px;\n  height: 44px;\n  line-height: 44px;\n  border-radius: 100px;\n  margin: -22px 0 0 -22px;\n  border-width: 0px;\n}\n.dt-icon-bg-on.gallery-carousel-shortcode.gallery-carousel-shortcode-id-8037bef0a63810d04f0d1998d1b8a3b7.gallery-shortcode .gallery-zoom-ico {\n  background: rgba(255,255,255,0.3);\n  box-shadow: none;\n}\n.gallery-carousel-shortcode.gallery-carousel-shortcode-id-8037bef0a63810d04f0d1998d1b8a3b7.gallery-shortcode .gallery-zoom-ico:before,\n.gallery-carousel-shortcode.gallery-carousel-shortcode-id-8037bef0a63810d04f0d1998d1b8a3b7.gallery-shortcode .gallery-zoom-ico span {\n  font-size: 32px;\n  line-height: 44px;\n  color: #ffffff;\n  background: none;\n}\n<\/style><div class=\"owl-carousel gallery-carousel-shortcode gallery-shortcode  dt-gallery-container dt-owl-carousel-call gallery-carousel-shortcode-id-8037bef0a63810d04f0d1998d1b8a3b7 meta-info-off dt-arrow-border-on dt-arrow-hover-border-on bullets-small-dot-stroke reposition-arrows dt-icon-bg-off arrows-bg-on disable-arrows-hover-bg arrows-hover-bg-on  hover-fade\" data-scroll-mode=\"1\" data-col-num=\"2\" data-wide-col-num=\"2\" data-laptop-col=\"2\" data-h-tablet-columns-num=\"2\" data-v-tablet-columns-num=\"2\" data-phone-columns-num=\"2\" data-col-gap=\"0\" data-stage-padding=\"0\" data-speed=\"600\" data-autoplay=\"true\" data-autoplay_speed=\"3000\" data-arrows=\"false\" data-bullet=\"false\" data-next-icon=\"icon-ar-017-r\" data-prev-icon=\"icon-ar-017-l\" data-img-shadow-size=\"12px\" data-img-shadow-spread=\"3px\"><div data-post-id=\"7650\" data-date=\"2021-02-27T16:18:22+01:00\" data-name=\"af-stadtfuehrungen-hamburg-guide-tour-angelika-franke-04_\"><figure class=\"post\"><a href=\"https:\/\/af-stadtfuehrungen.de\/wp-content\/uploads\/2021\/02\/af-stadtfuehrungen-hamburg-guide-tour-angelika-franke-04_.jpg\" class=\"rollover dt-pswp-item layzr-bg\" data-large_image_width=\"750\" data-large_image_height=\"500\" data-dt-img-description=\"af-stadtfuehrungen-hamburg-guide-tour-angelika-franke-04_\" title=\"af-stadtfuehrungen-hamburg-guide-tour-angelika-franke-04_\"><img loading=\"lazy\" decoding=\"async\" class=\"preload-me owl-lazy-load\" src=\"data:image\/svg+xml,%3Csvg%20xmlns%3D&#39;http%3A%2F%2Fwww.w3.org%2F2000%2Fsvg&#39;%20viewBox%3D&#39;0%200%20750%20500&#39;%2F%3E\" data-src=\"https:\/\/af-stadtfuehrungen.de\/wp-content\/uploads\/2021\/02\/af-stadtfuehrungen-hamburg-guide-tour-angelika-franke-04_.jpg\" data-srcset=\"https:\/\/af-stadtfuehrungen.de\/wp-content\/uploads\/2021\/02\/af-stadtfuehrungen-hamburg-guide-tour-angelika-franke-04_.jpg 750w\" alt=\"af-stadtfuehrungen-hamburg-guide-tour-angelika-franke-04_\" width=\"750\" height=\"500\"  \/><span class=\"gallery-rollover\"><\/span><\/a><\/figure><\/div><div data-post-id=\"7367\" data-date=\"2020-08-05T20:28:02+02:00\" data-name=\"af-stadtfuehrungen-hamburg-guide-tour-hafencity-elbphilharmony-01-A\"><figure class=\"post\"><a href=\"https:\/\/af-stadtfuehrungen.de\/wp-content\/uploads\/2020\/08\/af-stadtfuehrungen-hamburg-guide-tour-hafencity-elbphilharmony-01-A.jpg\" class=\"rollover dt-pswp-item layzr-bg\" data-large_image_width=\"600\" data-large_image_height=\"400\" data-dt-img-description=\"\" title=\"af-city-tours-hamburg-guide-tour-hafencity-elbphilharmony-01-A\"><img loading=\"lazy\" decoding=\"async\" class=\"preload-me owl-lazy-load\" src=\"data:image\/svg+xml,%3Csvg%20xmlns%3D&#39;http%3A%2F%2Fwww.w3.org%2F2000%2Fsvg&#39;%20viewBox%3D&#39;0%200%20600%20400&#39;%2F%3E\" data-src=\"https:\/\/af-stadtfuehrungen.de\/wp-content\/uploads\/2020\/08\/af-stadtfuehrungen-hamburg-guide-tour-hafencity-elbphilharmony-01-A.jpg\" data-srcset=\"https:\/\/af-stadtfuehrungen.de\/wp-content\/uploads\/2020\/08\/af-stadtfuehrungen-hamburg-guide-tour-hafencity-elbphilharmony-01-A.jpg 600w\" alt=\"Visita guiada a Hafencity Elbphilharmonie\" width=\"600\" height=\"400\"  \/><span class=\"gallery-rollover\"><\/span><\/a><\/figure><\/div><div data-post-id=\"7365\" data-date=\"2020-08-05T20:28:00+02:00\" data-name=\"af-stadtfuehrungen-hamburg-guide-tour-hafencity-elbphilharmony-02-A\"><figure class=\"post\"><a href=\"https:\/\/af-stadtfuehrungen.de\/wp-content\/uploads\/2020\/08\/af-stadtfuehrungen-hamburg-guide-tour-hafencity-elbphilharmony-02-A.jpg\" class=\"rollover dt-pswp-item layzr-bg\" data-large_image_width=\"600\" data-large_image_height=\"400\" data-dt-img-description=\"\" title=\"af-city-tours-hamburg-guide-tour-hafencity-elbphilharmony-02-A\"><img loading=\"lazy\" decoding=\"async\" class=\"preload-me owl-lazy-load\" src=\"data:image\/svg+xml,%3Csvg%20xmlns%3D&#39;http%3A%2F%2Fwww.w3.org%2F2000%2Fsvg&#39;%20viewBox%3D&#39;0%200%20600%20400&#39;%2F%3E\" data-src=\"https:\/\/af-stadtfuehrungen.de\/wp-content\/uploads\/2020\/08\/af-stadtfuehrungen-hamburg-guide-tour-hafencity-elbphilharmony-02-A.jpg\" data-srcset=\"https:\/\/af-stadtfuehrungen.de\/wp-content\/uploads\/2020\/08\/af-stadtfuehrungen-hamburg-guide-tour-hafencity-elbphilharmony-02-A.jpg 600w\" alt=\"Visita guiada a Hafencity Elbphilharmonie\" width=\"600\" height=\"400\"  \/><span class=\"gallery-rollover\"><\/span><\/a><\/figure><\/div><div data-post-id=\"7265\" data-date=\"2020-05-26T17:35:29+02:00\" data-name=\"Folie2\"><figure class=\"post\"><a href=\"https:\/\/af-stadtfuehrungen.de\/wp-content\/uploads\/2020\/05\/Folie2.jpg\" class=\"rollover dt-pswp-item layzr-bg\" data-large_image_width=\"800\" data-large_image_height=\"533\" data-dt-img-description=\"\" title=\"Diapositiva2\"><img loading=\"lazy\" decoding=\"async\" class=\"preload-me owl-lazy-load\" src=\"data:image\/svg+xml,%3Csvg%20xmlns%3D&#39;http%3A%2F%2Fwww.w3.org%2F2000%2Fsvg&#39;%20viewBox%3D&#39;0%200%20800%20533&#39;%2F%3E\" data-src=\"https:\/\/af-stadtfuehrungen.de\/wp-content\/uploads\/2020\/05\/Folie2.jpg\" data-srcset=\"https:\/\/af-stadtfuehrungen.de\/wp-content\/uploads\/2020\/05\/Folie2.jpg 800w\" alt=\"\" width=\"800\" height=\"533\"  \/><span class=\"gallery-rollover\"><\/span><\/a><\/figure><\/div><div data-post-id=\"7348\" data-date=\"2020-08-05T11:29:23+02:00\" data-name=\"af-stadtfuehrungen-hamburg-guide-tour-uhlenhorst-05-A\"><figure class=\"post\"><a href=\"https:\/\/af-stadtfuehrungen.de\/wp-content\/uploads\/2020\/08\/af-stadtfuehrungen-hamburg-guide-tour-uhlenhorst-05-A.jpg\" class=\"rollover dt-pswp-item layzr-bg\" data-large_image_width=\"600\" data-large_image_height=\"400\" data-dt-img-description=\"\" title=\"af-stadtfuehrungen-hamburg-guide-tour-uhlenhorst-05-A\"><img loading=\"lazy\" decoding=\"async\" class=\"preload-me owl-lazy-load\" src=\"data:image\/svg+xml,%3Csvg%20xmlns%3D&#39;http%3A%2F%2Fwww.w3.org%2F2000%2Fsvg&#39;%20viewBox%3D&#39;0%200%20600%20400&#39;%2F%3E\" data-src=\"https:\/\/af-stadtfuehrungen.de\/wp-content\/uploads\/2020\/08\/af-stadtfuehrungen-hamburg-guide-tour-uhlenhorst-05-A.jpg\" data-srcset=\"https:\/\/af-stadtfuehrungen.de\/wp-content\/uploads\/2020\/08\/af-stadtfuehrungen-hamburg-guide-tour-uhlenhorst-05-A.jpg 600w\" alt=\"Visita a la ciudad de Uhlenhorst\" width=\"600\" height=\"400\"  \/><span class=\"gallery-rollover\"><\/span><\/a><\/figure><\/div><\/div><\/div><\/div><\/div><\/div><div class=\"vc_row wpb_row vc_row-fluid vc_custom_1597062402901\"><div class=\"wpb_column vc_column_container vc_col-sm-12\"><div class=\"vc_column-inner\"><div class=\"wpb_wrapper\">\n\t<div class=\"wpb_text_column wpb_content_element\" >\n\t\t<div class=\"wpb_wrapper\">\n\t\t\t<p>\u00bfCu\u00e1l es su excursi\u00f3n favorita: un paseo musical por Hamburgo?  Le llevo atr\u00e1s en el tiempo a los compositores cl\u00e1sicos que vivieron en Hamburgo y dieron forma a la vida musical de Hamburgo.<\/p>\n<h4>Reformador de la \u00f3pera<\/h4>\n<p>Comenzamos en la Gustav-Mahler-Platz, no lejos de la \u00d3pera Estatal de Hamburgo. Gustavo Mahler la dirigi\u00f3 durante seis a\u00f1os siendo su primer director de orquesta. Siempre tuvo en alta estima a Hamburgo y a sus gentes. Sin embargo, no le faltaron comentarios cr\u00edticos sobre la incomprensi\u00f3n de la m\u00fasica por parte del p\u00fablico de Hamburgo. Os contar\u00e9 de su fascinante personalidad, como reform\u00f3 fundamentalmente el estilo de la \u00f3pera y a\u00fan as\u00ed encontr\u00f3 tiempo para su pasi\u00f3n, la composici\u00f3n, junto con su trabajo como director musical y director de orquesta.<\/p>\n<h4>Ciudadano de honor<\/h4>\n<p>Visitamos el hist\u00f3rico G\u00e4ngeviertel y pasamos por el lugar donde naci\u00f3 Johannes Brahms. No fue hasta m\u00e1s tarde cuando el pueblo de Hamburgo le reconoci\u00f3 y le concedi\u00f3 la ciudadan\u00eda honor\u00edfica. Sin embargo, no era del todo inocente.<\/p>\n<h4>Genio financiero<\/h4>\n<p>Siguiendo los pasos de los grandes compositores, tambi\u00e9n encontramos a Georg Philipp Telemann, que fue el compositor m\u00e1s famoso de Alemania en su \u00e9poca. El multitalento barroco dej\u00f3 m\u00e1s composiciones que Bach y Haendel a la vez. Sab\u00eda c\u00f3mo comercializarse a s\u00ed mismo con \u00e9xito. A diferencia de muchos otros m\u00fasicos, el Sr. Telemann nunca ten\u00eda problemas de dinero.<\/p>\n<h4>Amistad \u00edntima<\/h4>\n<p>Nuestro paseo musical nos lleva tambi\u00e9n al monumento a los hermanos Fanny y Felix Mendelssohn. Los hermanos pasaron pocos a\u00f1os en su ciudad natal, sin embargo, siguen inspirando a la gente de Hamburgo hasta el d\u00eda de hoy con su maravillosa m\u00fasica. Ya de ni\u00f1o, F\u00e9lix pudo tocar sus composiciones para el maestro Johann Wolfgang von Goethe. Entre ellos surgi\u00f3 una amistad muy \u00edntima que iba a durar toda la vida.<\/p>\n<p>Fanny Hensel, la hermana mayor de Felix, recibi\u00f3 clases de los mismos profesores de m\u00fasica. Tambi\u00e9n era una brillante compositora. Aunque no se le permit\u00eda aparecer en p\u00fablico como compositora, destacaba como una brillante organizadora de conciertos.<\/p>\n<h4>Sorpresa<\/h4>\n<p>Al final de nuestro paseo musical y de vez en cuando entre medias, le espera una peque\u00f1a sorpresa musical. He ensayado canciones de los compositores y acompa\u00f1ar\u00e9 musicalmente de este modo mis historias sobre los compositores.<\/p>\n<p><strong>Las visitas se realizan con un m\u00ednimo de 6 participantes.<\/strong><\/p>\n\n\t\t<\/div>\n\t<\/div>\n<div class=\"vc_message_box vc_message_box-standard vc_message_box-square vc_color-info\" ><div class=\"vc_message_box-icon\"><i class=\"fas fa-map-marked-alt\"><\/i><\/div><p>Duraci\u00f3n: 2 horas<br \/>\nLugar de encuentro: Gustav-Mahler-Platz<br \/>\nCita:\u00a0 \u00a0 \u00a0 \u00a0 <strong>\u00a0a petici\u00f3n<\/strong><br \/>\nComienzo: 15 h<br \/>\nsin barreras: S\u00cd<\/p>\n<\/div><div class=\"wpb_gmaps_widget wpb_content_element\"><div class=\"wpb_wrapper\"><div class=\"wpb_map_wraper\"><div class=\"BorlabsCookie _brlbs-cb-googlemaps\"><div class=\"_brlbs-content-blocker\"> <div class=\"_brlbs-embed _brlbs-google-maps\"> <img class=\"_brlbs-thumbnail\" src=\"https:\/\/af-stadtfuehrungen.de\/wp-content\/plugins\/borlabs-cookie\/assets\/images\/cb-maps.png\" alt=\"Google Maps\"> <div class=\"_brlbs-caption\"> <p>Al cargar el mapa, usted acepta la pol\u00edtica de privacidad de Google.<br><a href=\"https:\/\/policies.google.com\/privacy\" target=\"_blank\" rel=\"nofollow noopener noreferrer\">M\u00e1s informaci\u00f3n<\/a><\/p> <p><a class=\"_brlbs-btn\" href=\"#\" data-borlabs-cookie-unblock role=\"button\">Cargar mapa<\/a><\/p> <p><label><input type=\"checkbox\" name=\"unblockAll\" value=\"1\" checked> <small>Desbloquear siempre Google Maps<\/small><\/label><\/p> <\/div> <\/div> <\/div><div class=\"borlabs-hide\" data-borlabs-cookie-type=\"content-blocker\" data-borlabs-cookie-id=\"googlemaps\"><script type=\"text\/template\">PGlmcmFtZSBzcmM9Imh0dHBzOi8vd3d3Lmdvb2dsZS5jb20vbWFwcy9lbWJlZD9wYj0hMW0xOCExbTEyITFtMyExZDE4OTguNjA3OTEwNjk1MjA3MiEyZDkuOTg4NDc3NTA0NDA2MjM1ITNkNTMuNTU2MTU0NzQzOTA2MzghMm0zITFmMCEyZjAhM2YwITNtMiExaTEwMjQhMmk3NjghNGYxMy4xITNtMyExbTIhMXMweDQ3YjE4ZjE4NTcyM2ZhZGQlM0EweGQxMjFjN2Y0ZTgxZWVhOTghMnNHdXN0YXYtTWFobGVyLVBsYXR6JTJDJTIwMjAzNTQlMjBIYW1idXJnITVlMCEzbTIhMXNkZSEyc2RlITR2MTY1MzkwMTUzMTk0MyE1bTIhMXNkZSEyc2RlIiB3aWR0aD0iNjAwIiBoZWlnaHQ9IjQwMCIgc3R5bGU9ImJvcmRlcjowOyIgYWxsb3dmdWxsc2NyZWVuPSIiIGxvYWRpbmc9ImxhenkiIHJlZmVycmVycG9saWN5PSJuby1yZWZlcnJlci13aGVuLWRvd25ncmFkZSI+PC9pZnJhbWU+<\/script><\/div><\/div><\/div><\/div><\/div><\/div><\/div><\/div><\/div>\n<\/div>","protected":false},"excerpt":{"rendered":"<p>\u00bfCu\u00e1l es su excursi\u00f3n favorita: un paseo musical por Hamburgo?  Le llevar\u00e9 a la \u00e9poca de los compositores cl\u00e1sicos que vivieron en Hamburgo y dieron forma a la vida musical de la ciudad. Reformadores de la \u00f3pera Comenzamos en la Gustav-Mahler-Platz, no lejos de la \u00d3pera Estatal de Hamburgo. Gustav Mahler fue su primer director durante seis a\u00f1os. Aunque apreciaba...<\/p>","protected":false},"author":1,"featured_media":0,"parent":0,"menu_order":0,"comment_status":"closed","ping_status":"closed","template":"","meta":{"footnotes":""},"class_list":["post-8112","page","type-page","status-publish","hentry","description-off"],"yoast_head":"<!-- This site is optimized with the Yoast SEO plugin v27.3 - https:\/\/yoast.com\/product\/yoast-seo-wordpress\/ -->\n<title>Tour - Musikalischer Spaziergang durch Hamburg<\/title>\n<meta name=\"robots\" content=\"index, follow, max-snippet:-1, max-image-preview:large, max-video-preview:-1\" \/>\n<link rel=\"canonical\" href=\"https:\/\/af-stadtfuehrungen.de\/es\/tour-musical-pasear-por-hamburgo-la-musica-esta-en-el-aire\/\" \/>\n<meta property=\"og:locale\" content=\"es_ES\" \/>\n<meta property=\"og:type\" content=\"article\" \/>\n<meta property=\"og:title\" content=\"Tour - Musikalischer Spaziergang durch Hamburg\" \/>\n<meta property=\"og:url\" content=\"https:\/\/af-stadtfuehrungen.de\/es\/tour-musical-pasear-por-hamburgo-la-musica-esta-en-el-aire\/\" \/>\n<meta property=\"og:site_name\" content=\"Stadtrundg\u00e4nge in Hamburg - Angelika Franke Stadtf\u00fchrungen\" \/>\n<meta property=\"article:modified_time\" content=\"2023-04-05T08:05:56+00:00\" \/>\n<meta name=\"twitter:card\" content=\"summary_large_image\" \/>\n<meta name=\"twitter:label1\" content=\"Tiempo de lectura\" \/>\n\t<meta name=\"twitter:data1\" content=\"3 minutos\" \/>\n<script type=\"application\/ld+json\" class=\"yoast-schema-graph\">{\"@context\":\"https:\\\/\\\/schema.org\",\"@graph\":[{\"@type\":\"WebPage\",\"@id\":\"https:\\\/\\\/af-stadtfuehrungen.de\\\/tour-musikalischer-spaziergang-durch-hamburg\\\/\",\"url\":\"https:\\\/\\\/af-stadtfuehrungen.de\\\/tour-musikalischer-spaziergang-durch-hamburg\\\/\",\"name\":\"Tour - Musikalischer Spaziergang durch Hamburg\",\"isPartOf\":{\"@id\":\"https:\\\/\\\/af-stadtfuehrungen.de\\\/#website\"},\"datePublished\":\"2022-12-20T12:15:07+00:00\",\"dateModified\":\"2023-04-05T08:05:56+00:00\",\"breadcrumb\":{\"@id\":\"https:\\\/\\\/af-stadtfuehrungen.de\\\/tour-musikalischer-spaziergang-durch-hamburg\\\/#breadcrumb\"},\"inLanguage\":\"es\",\"potentialAction\":[{\"@type\":\"ReadAction\",\"target\":[\"https:\\\/\\\/af-stadtfuehrungen.de\\\/tour-musikalischer-spaziergang-durch-hamburg\\\/\"]}]},{\"@type\":\"BreadcrumbList\",\"@id\":\"https:\\\/\\\/af-stadtfuehrungen.de\\\/tour-musikalischer-spaziergang-durch-hamburg\\\/#breadcrumb\",\"itemListElement\":[{\"@type\":\"ListItem\",\"position\":1,\"name\":\"Startseite\",\"item\":\"https:\\\/\\\/af-stadtfuehrungen.de\\\/\"},{\"@type\":\"ListItem\",\"position\":2,\"name\":\"Tour &#8211; Musikalischer Spaziergang durch Hamburg\"}]},{\"@type\":\"WebSite\",\"@id\":\"https:\\\/\\\/af-stadtfuehrungen.de\\\/#website\",\"url\":\"https:\\\/\\\/af-stadtfuehrungen.de\\\/\",\"name\":\"Stadtrundg\u00e4nge in Hamburg - Angelika Franke Stadtf\u00fchrungen\",\"description\":\"Auf Stadtrundgang in Hamburg erfahren Sie von Angelika Franke, einer geb\u00fcrtigen Hamburgerin, die bewegte Geschichte Hamburgs &amp; ihrer Pers\u00f6nlichkeiten.\",\"publisher\":{\"@id\":\"https:\\\/\\\/af-stadtfuehrungen.de\\\/#\\\/schema\\\/person\\\/ebbad58308406229ec47fbac5128f1e6\"},\"potentialAction\":[{\"@type\":\"SearchAction\",\"target\":{\"@type\":\"EntryPoint\",\"urlTemplate\":\"https:\\\/\\\/af-stadtfuehrungen.de\\\/?s={search_term_string}\"},\"query-input\":{\"@type\":\"PropertyValueSpecification\",\"valueRequired\":true,\"valueName\":\"search_term_string\"}}],\"inLanguage\":\"es\"},{\"@type\":[\"Person\",\"Organization\"],\"@id\":\"https:\\\/\\\/af-stadtfuehrungen.de\\\/#\\\/schema\\\/person\\\/ebbad58308406229ec47fbac5128f1e6\",\"name\":\"Angelika Franke\",\"logo\":{\"@id\":\"https:\\\/\\\/af-stadtfuehrungen.de\\\/#\\\/schema\\\/person\\\/image\\\/\"}}]}<\/script>\n<!-- \/ Yoast SEO plugin. -->","yoast_head_json":{"title":"Tour - Paseo musical por Hamburgo","robots":{"index":"index","follow":"follow","max-snippet":"max-snippet:-1","max-image-preview":"max-image-preview:large","max-video-preview":"max-video-preview:-1"},"canonical":"https:\/\/af-stadtfuehrungen.de\/es\/tour-musical-pasear-por-hamburgo-la-musica-esta-en-el-aire\/","og_locale":"es_ES","og_type":"article","og_title":"Tour - Musikalischer Spaziergang durch Hamburg","og_url":"https:\/\/af-stadtfuehrungen.de\/es\/tour-musical-pasear-por-hamburgo-la-musica-esta-en-el-aire\/","og_site_name":"Stadtrundg\u00e4nge in Hamburg - Angelika Franke Stadtf\u00fchrungen","article_modified_time":"2023-04-05T08:05:56+00:00","twitter_card":"summary_large_image","twitter_misc":{"Tiempo de lectura":"3 minutos"},"schema":{"@context":"https:\/\/schema.org","@graph":[{"@type":"WebPage","@id":"https:\/\/af-stadtfuehrungen.de\/tour-musikalischer-spaziergang-durch-hamburg\/","url":"https:\/\/af-stadtfuehrungen.de\/tour-musikalischer-spaziergang-durch-hamburg\/","name":"Tour - Paseo musical por Hamburgo","isPartOf":{"@id":"https:\/\/af-stadtfuehrungen.de\/#website"},"datePublished":"2022-12-20T12:15:07+00:00","dateModified":"2023-04-05T08:05:56+00:00","breadcrumb":{"@id":"https:\/\/af-stadtfuehrungen.de\/tour-musikalischer-spaziergang-durch-hamburg\/#breadcrumb"},"inLanguage":"es","potentialAction":[{"@type":"ReadAction","target":["https:\/\/af-stadtfuehrungen.de\/tour-musikalischer-spaziergang-durch-hamburg\/"]}]},{"@type":"BreadcrumbList","@id":"https:\/\/af-stadtfuehrungen.de\/tour-musikalischer-spaziergang-durch-hamburg\/#breadcrumb","itemListElement":[{"@type":"ListItem","position":1,"name":"Startseite","item":"https:\/\/af-stadtfuehrungen.de\/"},{"@type":"ListItem","position":2,"name":"Tour &#8211; Musikalischer Spaziergang durch Hamburg"}]},{"@type":"WebSite","@id":"https:\/\/af-stadtfuehrungen.de\/#website","url":"https:\/\/af-stadtfuehrungen.de\/","name":"Paseos por la ciudad de Hamburgo - Angelika Franke Stadtf\u00fchrungen","description":"En una visita a la ciudad de Hamburgo, Angelika Franke, nativa de Hamburgo, le cuenta la agitada historia de Hamburgo y sus personalidades.","publisher":{"@id":"https:\/\/af-stadtfuehrungen.de\/#\/schema\/person\/ebbad58308406229ec47fbac5128f1e6"},"potentialAction":[{"@type":"SearchAction","target":{"@type":"EntryPoint","urlTemplate":"https:\/\/af-stadtfuehrungen.de\/?s={search_term_string}"},"query-input":{"@type":"PropertyValueSpecification","valueRequired":true,"valueName":"search_term_string"}}],"inLanguage":"es"},{"@type":["Person","Organization"],"@id":"https:\/\/af-stadtfuehrungen.de\/#\/schema\/person\/ebbad58308406229ec47fbac5128f1e6","name":"Angelika Franke","logo":{"@id":"https:\/\/af-stadtfuehrungen.de\/#\/schema\/person\/image\/"}}]}},"_links":{"self":[{"href":"https:\/\/af-stadtfuehrungen.de\/es\/wp-json\/wp\/v2\/pages\/8112","targetHints":{"allow":["GET"]}}],"collection":[{"href":"https:\/\/af-stadtfuehrungen.de\/es\/wp-json\/wp\/v2\/pages"}],"about":[{"href":"https:\/\/af-stadtfuehrungen.de\/es\/wp-json\/wp\/v2\/types\/page"}],"author":[{"embeddable":true,"href":"https:\/\/af-stadtfuehrungen.de\/es\/wp-json\/wp\/v2\/users\/1"}],"replies":[{"embeddable":true,"href":"https:\/\/af-stadtfuehrungen.de\/es\/wp-json\/wp\/v2\/comments?post=8112"}],"version-history":[{"count":4,"href":"https:\/\/af-stadtfuehrungen.de\/es\/wp-json\/wp\/v2\/pages\/8112\/revisions"}],"predecessor-version":[{"id":8171,"href":"https:\/\/af-stadtfuehrungen.de\/es\/wp-json\/wp\/v2\/pages\/8112\/revisions\/8171"}],"wp:attachment":[{"href":"https:\/\/af-stadtfuehrungen.de\/es\/wp-json\/wp\/v2\/media?parent=8112"}],"curies":[{"name":"wp","href":"https:\/\/api.w.org\/{rel}","templated":true}]}}